{"id":908,"date":"2023-01-03T18:35:05","date_gmt":"2023-01-03T18:35:05","guid":{"rendered":"https:\/\/mtqtecnologia.com.br\/?page_id=908"},"modified":"2023-07-18T13:35:28","modified_gmt":"2023-07-18T13:35:28","slug":"cromatografos-online","status":"publish","type":"page","link":"https:\/\/mtqtecnologia.com.br\/index.php\/cromatografos-online\/","title":{"rendered":"Cromat\u00f3grafos Online"},"content":{"rendered":"\n<ul class=\"wp-block-list\">\n<li>Manuten\u00e7\u00e3o de cromat\u00f3grafos online (GC) de instrumenta\u00e7\u00e3o anal\u00edtica;<\/li>\n\n\n\n<li>Reparo de fontes de alimenta\u00e7\u00e3o para sistema de cromatografia;<\/li>\n\n\n\n<li>Reparo de placas antigas e modernas de cromat\u00f3grafos industriais; <\/li>\n<\/ul>\n\n\n\n<div class=\"wp-block-group is-nowrap is-layout-flex wp-container-core-group-is-layout-1 wp-block-group-is-layout-flex\">\n<figure class=\"wp-block-image size-medium is-resized\"><img loading=\"lazy\" decoding=\"async\" src=\"https:\/\/mtqtecnologia.com.br\/wp-content\/uploads\/2023\/01\/maxum-300x300.png\" alt=\"\" class=\"wp-image-909\" width=\"225\" height=\"225\" srcset=\"https:\/\/mtqtecnologia.com.br\/wp-content\/uploads\/2023\/01\/maxum-300x300.png 300w, https:\/\/mtqtecnologia.com.br\/wp-content\/uploads\/2023\/01\/maxum-1024x1024.png 1024w, https:\/\/mtqtecnologia.com.br\/wp-content\/uploads\/2023\/01\/maxum-150x150.png 150w, https:\/\/mtqtecnologia.com.br\/wp-content\/uploads\/2023\/01\/maxum-768x768.png 768w, https:\/\/mtqtecnologia.com.br\/wp-content\/uploads\/2023\/01\/maxum.png 1500w\" sizes=\"auto, (max-width: 225px) 100vw, 225px\" \/><\/figure>\n\n\n\n<figure class=\"wp-block-image size-full is-resized\"><img loading=\"lazy\" decoding=\"async\" src=\"https:\/\/mtqtecnologia.com.br\/wp-content\/uploads\/2023\/01\/ABB.png\" alt=\"\" class=\"wp-image-910\" width=\"150\" height=\"150\" srcset=\"https:\/\/mtqtecnologia.com.br\/wp-content\/uploads\/2023\/01\/ABB.png 300w, https:\/\/mtqtecnologia.com.br\/wp-content\/uploads\/2023\/01\/ABB-150x150.png 150w\" sizes=\"auto, (max-width: 150px) 100vw, 150px\" \/><\/figure>\n\n\n\n<figure class=\"wp-block-image size-full\"><img loading=\"lazy\" decoding=\"async\" width=\"233\" height=\"216\" src=\"https:\/\/mtqtecnologia.com.br\/wp-content\/uploads\/2023\/01\/download.png\" alt=\"\" class=\"wp-image-913\"\/><\/figure>\n<\/div>\n\n\n\n<div style=\"height:40px\" aria-hidden=\"true\" class=\"wp-block-spacer\"><\/div>\n\n\n\n<p><em><strong>Manuten\u00e7\u00e3o especializada em: <\/strong><\/em><\/p>\n\n\n\n<div class=\"wp-block-group is-nowrap is-layout-flex wp-container-core-group-is-layout-2 wp-block-group-is-layout-flex\">\n<figure class=\"wp-block-image size-full is-resized\"><img loading=\"lazy\" decoding=\"async\" src=\"https:\/\/mtqtecnologia.com.br\/wp-content\/uploads\/2023\/01\/placas-1.png\" alt=\"\" class=\"wp-image-925\" width=\"273\" height=\"145\"\/><\/figure>\n\n\n\n<figure class=\"wp-block-image size-medium\"><img loading=\"lazy\" decoding=\"async\" width=\"300\" height=\"170\" src=\"https:\/\/mtqtecnologia.com.br\/wp-content\/uploads\/2023\/07\/placa-300x170.png\" alt=\"\" class=\"wp-image-1157\" srcset=\"https:\/\/mtqtecnologia.com.br\/wp-content\/uploads\/2023\/07\/placa-300x170.png 300w, https:\/\/mtqtecnologia.com.br\/wp-content\/uploads\/2023\/07\/placa-1024x580.png 1024w, https:\/\/mtqtecnologia.com.br\/wp-content\/uploads\/2023\/07\/placa-768x435.png 768w, https:\/\/mtqtecnologia.com.br\/wp-content\/uploads\/2023\/07\/placa.png 1303w\" sizes=\"auto, (max-width: 300px) 100vw, 300px\" \/><\/figure>\n<\/div>\n\n\n\n<ul class=\"wp-block-list\">\n<li><em><strong>Placas de processamento;<\/strong><\/em><\/li>\n\n\n\n<li><em><strong>FID<\/strong><\/em><strong><em>;<\/em><\/strong><\/li>\n\n\n\n<li><strong><em>TCD;<\/em><\/strong><\/li>\n<\/ul>\n\n\n\n<div style=\"height:40px\" aria-hidden=\"true\" class=\"wp-block-spacer\"><\/div>\n\n\n\n<div class=\"wp-block-group is-nowrap is-layout-flex wp-container-core-group-is-layout-3 wp-block-group-is-layout-flex\">\n<figure class=\"wp-block-image size-medium\"><img loading=\"lazy\" decoding=\"async\" width=\"300\" height=\"240\" src=\"https:\/\/mtqtecnologia.com.br\/wp-content\/uploads\/2023\/07\/ACB-300x240.png\" alt=\"\" class=\"wp-image-1154\" srcset=\"https:\/\/mtqtecnologia.com.br\/wp-content\/uploads\/2023\/07\/ACB-300x240.png 300w, https:\/\/mtqtecnologia.com.br\/wp-content\/uploads\/2023\/07\/ACB-1024x818.png 1024w, https:\/\/mtqtecnologia.com.br\/wp-content\/uploads\/2023\/07\/ACB-768x614.png 768w, https:\/\/mtqtecnologia.com.br\/wp-content\/uploads\/2023\/07\/ACB.png 1479w\" sizes=\"auto, (max-width: 300px) 100vw, 300px\" \/><\/figure>\n\n\n\n<figure class=\"wp-block-image size-medium\"><img loading=\"lazy\" decoding=\"async\" width=\"300\" height=\"196\" src=\"https:\/\/mtqtecnologia.com.br\/wp-content\/uploads\/2023\/07\/psp-300x196.png\" alt=\"\" class=\"wp-image-1155\" srcset=\"https:\/\/mtqtecnologia.com.br\/wp-content\/uploads\/2023\/07\/psp-300x196.png 300w, https:\/\/mtqtecnologia.com.br\/wp-content\/uploads\/2023\/07\/psp-1024x668.png 1024w, https:\/\/mtqtecnologia.com.br\/wp-content\/uploads\/2023\/07\/psp-768x501.png 768w, https:\/\/mtqtecnologia.com.br\/wp-content\/uploads\/2023\/07\/psp-1536x1003.png 1536w, https:\/\/mtqtecnologia.com.br\/wp-content\/uploads\/2023\/07\/psp.png 1558w\" sizes=\"auto, (max-width: 300px) 100vw, 300px\" \/><\/figure>\n\n\n\n<figure class=\"wp-block-image size-medium\"><img loading=\"lazy\" decoding=\"async\" width=\"224\" height=\"300\" src=\"https:\/\/mtqtecnologia.com.br\/wp-content\/uploads\/2023\/07\/cartao-224x300.png\" alt=\"\" class=\"wp-image-1156\" srcset=\"https:\/\/mtqtecnologia.com.br\/wp-content\/uploads\/2023\/07\/cartao-224x300.png 224w, https:\/\/mtqtecnologia.com.br\/wp-content\/uploads\/2023\/07\/cartao-766x1024.png 766w, https:\/\/mtqtecnologia.com.br\/wp-content\/uploads\/2023\/07\/cartao-768x1026.png 768w, https:\/\/mtqtecnologia.com.br\/wp-content\/uploads\/2023\/07\/cartao.png 936w\" sizes=\"auto, (max-width: 224px) 100vw, 224px\" \/><\/figure>\n<\/div>\n\n\n\n<ul class=\"wp-block-list\">\n<li><em><strong> Placas eletr\u00f4nicas <\/strong><\/em><strong><em>ACB<\/em><\/strong><\/li>\n\n\n\n<li><strong><em>PSP&#8217;s, <\/em><\/strong><\/li>\n\n\n\n<li><strong><em>Fontes<\/em><\/strong><\/li>\n\n\n\n<li><strong><em>Cart\u00f5es anal\u00f3gicos \/ digitais.<\/em><\/strong><\/li>\n<\/ul>\n\n\n\n<div style=\"height:40px\" aria-hidden=\"true\" class=\"wp-block-spacer\"><\/div>\n\n\n\n<div style=\"height:40px\" aria-hidden=\"true\" class=\"wp-block-spacer\"><\/div>\n\n\n\n<div class=\"wp-block-cover is-light\" style=\"min-height:212px;aspect-ratio:unset;\"><span aria-hidden=\"true\" class=\"wp-block-cover__background has-background-dim\"><\/span><img loading=\"lazy\" decoding=\"async\" width=\"1024\" height=\"683\" class=\"wp-block-cover__image-background wp-image-247\" alt=\"\" src=\"https:\/\/mtqtecnologia.com.br\/wp-content\/uploads\/2022\/11\/desafios-1024x683.jpg\" data-object-fit=\"cover\" srcset=\"https:\/\/mtqtecnologia.com.br\/wp-content\/uploads\/2022\/11\/desafios-1024x683.jpg 1024w, https:\/\/mtqtecnologia.com.br\/wp-content\/uploads\/2022\/11\/desafios-300x200.jpg 300w, https:\/\/mtqtecnologia.com.br\/wp-content\/uploads\/2022\/11\/desafios-768x512.jpg 768w, https:\/\/mtqtecnologia.com.br\/wp-content\/uploads\/2022\/11\/desafios.jpg 1200w\" sizes=\"auto, (max-width: 1024px) 100vw, 1024px\" \/><div class=\"wp-block-cover__inner-container is-layout-flow wp-block-cover-is-layout-flow\">\n<p class=\"has-text-align-center has-base-color has-text-color has-link-color has-inter-font-family has-large-font-size wp-elements-b40490821e3835be8152f58d7ca5852c\" style=\"font-style:normal;font-weight:700\"><a href=\"https:\/\/mtqtecnologia.com.br\/index.php\/fale-conosco\/\" title=\"Fale Conosco\">Clique aqui<\/a> para entrar em contato com nossa equipe t\u00e9cnica! <\/p>\n<\/div><\/div>\n","protected":false},"excerpt":{"rendered":"<p>Manuten\u00e7\u00e3o especializada em:<\/p>\n","protected":false},"author":1,"featured_media":0,"parent":0,"menu_order":0,"comment_status":"closed","ping_status":"closed","template":"","meta":{"om_disable_all_campaigns":false,"_mi_skip_tracking":false,"footnotes":""},"class_list":["post-908","page","type-page","status-publish","hentry"],"aioseo_notices":[],"_links":{"self":[{"href":"https:\/\/mtqtecnologia.com.br\/index.php\/wp-json\/wp\/v2\/pages\/908","targetHints":{"allow":["GET"]}}],"collection":[{"href":"https:\/\/mtqtecnologia.com.br\/index.php\/wp-json\/wp\/v2\/pages"}],"about":[{"href":"https:\/\/mtqtecnologia.com.br\/index.php\/wp-json\/wp\/v2\/types\/page"}],"author":[{"embeddable":true,"href":"https:\/\/mtqtecnologia.com.br\/index.php\/wp-json\/wp\/v2\/users\/1"}],"replies":[{"embeddable":true,"href":"https:\/\/mtqtecnologia.com.br\/index.php\/wp-json\/wp\/v2\/comments?post=908"}],"version-history":[{"count":5,"href":"https:\/\/mtqtecnologia.com.br\/index.php\/wp-json\/wp\/v2\/pages\/908\/revisions"}],"predecessor-version":[{"id":1158,"href":"https:\/\/mtqtecnologia.com.br\/index.php\/wp-json\/wp\/v2\/pages\/908\/revisions\/1158"}],"wp:attachment":[{"href":"https:\/\/mtqtecnologia.com.br\/index.php\/wp-json\/wp\/v2\/media?parent=908"}],"curies":[{"name":"wp","href":"https:\/\/api.w.org\/{rel}","templated":true}]}}