{"id":784,"date":"2022-12-01T19:21:28","date_gmt":"2022-12-01T19:21:28","guid":{"rendered":"https:\/\/mtqtecnologia.com.br\/?page_id=784"},"modified":"2023-07-18T13:23:05","modified_gmt":"2023-07-18T13:23:05","slug":"analisadores-de-espectro","status":"publish","type":"page","link":"https:\/\/mtqtecnologia.com.br\/index.php\/analisadores-de-espectro\/","title":{"rendered":"Analisadores de Espectro"},"content":{"rendered":"\n<ul class=\"wp-block-list\">\n<li>Manuten\u00e7\u00e3o de espectr\u00f4metros infravermelho (IR);<\/li>\n\n\n\n<li> Manuten\u00e7\u00e3o de espectrosc\u00f3pios no infravermelho por transformada de Fourier (FTIR);<\/li>\n\n\n\n<li>Manuten\u00e7\u00e3o e reparo de espectrofot\u00f4metros Ultravioleta (UV) e vis\u00edvel (VIS).<\/li>\n\n\n\n<li>Equipamentos de an\u00e1lise de espectro;<\/li>\n<\/ul>\n\n\n\n<div class=\"wp-block-group is-nowrap is-layout-flex wp-container-core-group-is-layout-1 wp-block-group-is-layout-flex\">\n<figure class=\"wp-block-image size-medium\"><img loading=\"lazy\" decoding=\"async\" width=\"300\" height=\"223\" src=\"https:\/\/mtqtecnologia.com.br\/wp-content\/uploads\/2022\/12\/espec-300x223.png\" alt=\"\" class=\"wp-image-785\" srcset=\"https:\/\/mtqtecnologia.com.br\/wp-content\/uploads\/2022\/12\/espec-300x223.png 300w, https:\/\/mtqtecnologia.com.br\/wp-content\/uploads\/2022\/12\/espec.png 600w\" sizes=\"auto, (max-width: 300px) 100vw, 300px\" \/><\/figure>\n\n\n\n<figure class=\"wp-block-image size-medium is-resized\"><img loading=\"lazy\" decoding=\"async\" src=\"https:\/\/mtqtecnologia.com.br\/wp-content\/uploads\/2022\/12\/agilent-300x300.png\" alt=\"\" class=\"wp-image-786\" width=\"225\" height=\"225\" srcset=\"https:\/\/mtqtecnologia.com.br\/wp-content\/uploads\/2022\/12\/agilent-300x300.png 300w, https:\/\/mtqtecnologia.com.br\/wp-content\/uploads\/2022\/12\/agilent-1024x1024.png 1024w, https:\/\/mtqtecnologia.com.br\/wp-content\/uploads\/2022\/12\/agilent-150x150.png 150w, https:\/\/mtqtecnologia.com.br\/wp-content\/uploads\/2022\/12\/agilent-768x768.png 768w, https:\/\/mtqtecnologia.com.br\/wp-content\/uploads\/2022\/12\/agilent.png 1455w\" sizes=\"auto, (max-width: 225px) 100vw, 225px\" \/><\/figure>\n\n\n\n<figure class=\"wp-block-image size-full\"><img loading=\"lazy\" decoding=\"async\" width=\"527\" height=\"351\" src=\"https:\/\/mtqtecnologia.com.br\/wp-content\/uploads\/2023\/07\/ftir.png\" alt=\"\" class=\"wp-image-1095\" srcset=\"https:\/\/mtqtecnologia.com.br\/wp-content\/uploads\/2023\/07\/ftir.png 527w, https:\/\/mtqtecnologia.com.br\/wp-content\/uploads\/2023\/07\/ftir-300x200.png 300w\" sizes=\"auto, (max-width: 527px) 100vw, 527px\" \/><\/figure>\n<\/div>\n\n\n\n<div style=\"height:40px\" aria-hidden=\"true\" class=\"wp-block-spacer\"><\/div>\n\n\n\n<div class=\"wp-block-cover is-light\" style=\"min-height:212px;aspect-ratio:unset;\"><span aria-hidden=\"true\" class=\"wp-block-cover__background has-background-dim\"><\/span><img loading=\"lazy\" decoding=\"async\" width=\"1024\" height=\"683\" class=\"wp-block-cover__image-background wp-image-247\" alt=\"\" src=\"https:\/\/mtqtecnologia.com.br\/wp-content\/uploads\/2022\/11\/desafios-1024x683.jpg\" data-object-fit=\"cover\" srcset=\"https:\/\/mtqtecnologia.com.br\/wp-content\/uploads\/2022\/11\/desafios-1024x683.jpg 1024w, https:\/\/mtqtecnologia.com.br\/wp-content\/uploads\/2022\/11\/desafios-300x200.jpg 300w, https:\/\/mtqtecnologia.com.br\/wp-content\/uploads\/2022\/11\/desafios-768x512.jpg 768w, https:\/\/mtqtecnologia.com.br\/wp-content\/uploads\/2022\/11\/desafios.jpg 1200w\" sizes=\"auto, (max-width: 1024px) 100vw, 1024px\" \/><div class=\"wp-block-cover__inner-container is-layout-flow wp-block-cover-is-layout-flow\">\n<p class=\"has-text-align-center has-base-color has-text-color has-link-color has-inter-font-family has-large-font-size wp-elements-b40490821e3835be8152f58d7ca5852c\" style=\"font-style:normal;font-weight:700\"><a href=\"https:\/\/mtqtecnologia.com.br\/index.php\/fale-conosco\/\" title=\"Fale Conosco\">Clique aqui<\/a> para entrar em contato com nossa equipe t\u00e9cnica! <\/p>\n<\/div><\/div>\n","protected":false},"excerpt":{"rendered":"","protected":false},"author":1,"featured_media":0,"parent":0,"menu_order":0,"comment_status":"closed","ping_status":"closed","template":"","meta":{"om_disable_all_campaigns":false,"_mi_skip_tracking":false,"footnotes":""},"class_list":["post-784","page","type-page","status-publish","hentry"],"aioseo_notices":[],"_links":{"self":[{"href":"https:\/\/mtqtecnologia.com.br\/index.php\/wp-json\/wp\/v2\/pages\/784","targetHints":{"allow":["GET"]}}],"collection":[{"href":"https:\/\/mtqtecnologia.com.br\/index.php\/wp-json\/wp\/v2\/pages"}],"about":[{"href":"https:\/\/mtqtecnologia.com.br\/index.php\/wp-json\/wp\/v2\/types\/page"}],"author":[{"embeddable":true,"href":"https:\/\/mtqtecnologia.com.br\/index.php\/wp-json\/wp\/v2\/users\/1"}],"replies":[{"embeddable":true,"href":"https:\/\/mtqtecnologia.com.br\/index.php\/wp-json\/wp\/v2\/comments?post=784"}],"version-history":[{"count":3,"href":"https:\/\/mtqtecnologia.com.br\/index.php\/wp-json\/wp\/v2\/pages\/784\/revisions"}],"predecessor-version":[{"id":1160,"href":"https:\/\/mtqtecnologia.com.br\/index.php\/wp-json\/wp\/v2\/pages\/784\/revisions\/1160"}],"wp:attachment":[{"href":"https:\/\/mtqtecnologia.com.br\/index.php\/wp-json\/wp\/v2\/media?parent=784"}],"curies":[{"name":"wp","href":"https:\/\/api.w.org\/{rel}","templated":true}]}}