{"id":712,"date":"2022-11-30T13:55:57","date_gmt":"2022-11-30T13:55:57","guid":{"rendered":"https:\/\/mtqtecnologia.com.br\/?page_id=712"},"modified":"2023-07-14T12:52:11","modified_gmt":"2023-07-14T12:52:11","slug":"contaminometros","status":"publish","type":"page","link":"https:\/\/mtqtecnologia.com.br\/index.php\/contaminometros\/","title":{"rendered":"Analisadores de Contamina\u00e7\u00e3o -Contaminometros"},"content":{"rendered":"\n<ul class=\"wp-block-list\">\n<li>Manuten\u00e7\u00e3o de sistemas optoeletr\u00f4nicos analisadores de contamina\u00e7\u00e3o nos pol\u00edmeros em p\u00f3 e gr\u00e3os;<\/li>\n\n\n\n<li>Manuten\u00e7\u00e3o de sistemas optoeletr\u00f4nicos analisadores de contamina\u00e7\u00e3o em filmes polim\u00e9ricos, aplicados a linha de extrus\u00e3o laboratorial;<\/li>\n<\/ul>\n\n\n\n<div class=\"wp-block-group is-nowrap is-layout-flex wp-container-core-group-is-layout-1 wp-block-group-is-layout-flex\">\n<figure class=\"wp-block-image size-medium\"><img loading=\"lazy\" decoding=\"async\" width=\"293\" height=\"300\" src=\"https:\/\/mtqtecnologia.com.br\/wp-content\/uploads\/2022\/11\/OCs_PT2C_with-table-1536x864-1-293x300.png\" alt=\"\" class=\"wp-image-739\" srcset=\"https:\/\/mtqtecnologia.com.br\/wp-content\/uploads\/2022\/11\/OCs_PT2C_with-table-1536x864-1-293x300.png 293w, https:\/\/mtqtecnologia.com.br\/wp-content\/uploads\/2022\/11\/OCs_PT2C_with-table-1536x864-1.png 655w\" sizes=\"auto, (max-width: 293px) 100vw, 293px\" \/><\/figure>\n\n\n\n<figure class=\"wp-block-image size-medium\"><img loading=\"lazy\" decoding=\"async\" width=\"300\" height=\"226\" src=\"https:\/\/mtqtecnologia.com.br\/wp-content\/uploads\/2023\/07\/contaminom-300x226.png\" alt=\"\" class=\"wp-image-1087\" srcset=\"https:\/\/mtqtecnologia.com.br\/wp-content\/uploads\/2023\/07\/contaminom-300x226.png 300w, https:\/\/mtqtecnologia.com.br\/wp-content\/uploads\/2023\/07\/contaminom.png 749w\" sizes=\"auto, (max-width: 300px) 100vw, 300px\" \/><\/figure>\n<\/div>\n\n\n\n<div style=\"height:40px\" aria-hidden=\"true\" class=\"wp-block-spacer\"><\/div>\n\n\n\n<div class=\"wp-block-cover is-light\" style=\"min-height:212px;aspect-ratio:unset;\"><span aria-hidden=\"true\" class=\"wp-block-cover__background has-background-dim\"><\/span><img loading=\"lazy\" decoding=\"async\" width=\"1024\" height=\"683\" class=\"wp-block-cover__image-background wp-image-247\" alt=\"\" src=\"https:\/\/mtqtecnologia.com.br\/wp-content\/uploads\/2022\/11\/desafios-1024x683.jpg\" data-object-fit=\"cover\" srcset=\"https:\/\/mtqtecnologia.com.br\/wp-content\/uploads\/2022\/11\/desafios-1024x683.jpg 1024w, https:\/\/mtqtecnologia.com.br\/wp-content\/uploads\/2022\/11\/desafios-300x200.jpg 300w, https:\/\/mtqtecnologia.com.br\/wp-content\/uploads\/2022\/11\/desafios-768x512.jpg 768w, https:\/\/mtqtecnologia.com.br\/wp-content\/uploads\/2022\/11\/desafios.jpg 1200w\" sizes=\"auto, (max-width: 1024px) 100vw, 1024px\" \/><div class=\"wp-block-cover__inner-container is-layout-flow wp-block-cover-is-layout-flow\">\n<p class=\"has-text-align-center has-base-color has-text-color has-link-color has-inter-font-family has-large-font-size wp-elements-b40490821e3835be8152f58d7ca5852c\" style=\"font-style:normal;font-weight:700\"><a href=\"https:\/\/mtqtecnologia.com.br\/index.php\/fale-conosco\/\" title=\"Fale Conosco\">Clique aqui<\/a> para entrar em contato com nossa equipe t\u00e9cnica! <\/p>\n<\/div><\/div>\n","protected":false},"excerpt":{"rendered":"","protected":false},"author":1,"featured_media":0,"parent":0,"menu_order":0,"comment_status":"closed","ping_status":"closed","template":"","meta":{"om_disable_all_campaigns":false,"_mi_skip_tracking":false,"footnotes":""},"class_list":["post-712","page","type-page","status-publish","hentry"],"aioseo_notices":[],"_links":{"self":[{"href":"https:\/\/mtqtecnologia.com.br\/index.php\/wp-json\/wp\/v2\/pages\/712","targetHints":{"allow":["GET"]}}],"collection":[{"href":"https:\/\/mtqtecnologia.com.br\/index.php\/wp-json\/wp\/v2\/pages"}],"about":[{"href":"https:\/\/mtqtecnologia.com.br\/index.php\/wp-json\/wp\/v2\/types\/page"}],"author":[{"embeddable":true,"href":"https:\/\/mtqtecnologia.com.br\/index.php\/wp-json\/wp\/v2\/users\/1"}],"replies":[{"embeddable":true,"href":"https:\/\/mtqtecnologia.com.br\/index.php\/wp-json\/wp\/v2\/comments?post=712"}],"version-history":[{"count":7,"href":"https:\/\/mtqtecnologia.com.br\/index.php\/wp-json\/wp\/v2\/pages\/712\/revisions"}],"predecessor-version":[{"id":1093,"href":"https:\/\/mtqtecnologia.com.br\/index.php\/wp-json\/wp\/v2\/pages\/712\/revisions\/1093"}],"wp:attachment":[{"href":"https:\/\/mtqtecnologia.com.br\/index.php\/wp-json\/wp\/v2\/media?parent=712"}],"curies":[{"name":"wp","href":"https:\/\/api.w.org\/{rel}","templated":true}]}}