{"id":530,"date":"2022-11-28T18:28:11","date_gmt":"2022-11-28T18:28:11","guid":{"rendered":"https:\/\/mtqtecnologia.com.br\/?page_id=530"},"modified":"2023-01-30T19:33:48","modified_gmt":"2023-01-30T19:33:48","slug":"extensometros","status":"publish","type":"page","link":"https:\/\/mtqtecnologia.com.br\/index.php\/extensometros\/","title":{"rendered":"Extens\u00f4metros"},"content":{"rendered":"\n<p>Manuten\u00e7\u00e3o em Extens\u00f4metros:<\/p>\n\n\n\n<ul class=\"wp-block-list\">\n<li>EMIC<\/li>\n\n\n\n<li>INSTRON<\/li>\n<\/ul>\n\n\n\n<div class=\"wp-block-group is-nowrap is-layout-flex wp-container-core-group-is-layout-1 wp-block-group-is-layout-flex\">\n<figure class=\"wp-block-image size-medium is-resized\"><img loading=\"lazy\" decoding=\"async\" src=\"https:\/\/mtqtecnologia.com.br\/wp-content\/uploads\/2022\/11\/emic-1-200x300.png\" alt=\"\" class=\"wp-image-531\" width=\"200\" height=\"300\" srcset=\"https:\/\/mtqtecnologia.com.br\/wp-content\/uploads\/2022\/11\/emic-1-200x300.png 200w, https:\/\/mtqtecnologia.com.br\/wp-content\/uploads\/2022\/11\/emic-1-682x1024.png 682w, https:\/\/mtqtecnologia.com.br\/wp-content\/uploads\/2022\/11\/emic-1-768x1153.png 768w, https:\/\/mtqtecnologia.com.br\/wp-content\/uploads\/2022\/11\/emic-1-1023x1536.png 1023w, https:\/\/mtqtecnologia.com.br\/wp-content\/uploads\/2022\/11\/emic-1.png 1066w\" sizes=\"auto, (max-width: 200px) 100vw, 200px\" \/><\/figure>\n\n\n\n<figure class=\"wp-block-image size-medium is-resized\"><img loading=\"lazy\" decoding=\"async\" src=\"https:\/\/mtqtecnologia.com.br\/wp-content\/uploads\/2022\/11\/exte-300x225.png\" alt=\"\" class=\"wp-image-532\" width=\"225\" height=\"169\" srcset=\"https:\/\/mtqtecnologia.com.br\/wp-content\/uploads\/2022\/11\/exte-300x225.png 300w, https:\/\/mtqtecnologia.com.br\/wp-content\/uploads\/2022\/11\/exte.png 706w\" sizes=\"auto, (max-width: 225px) 100vw, 225px\" \/><\/figure>\n\n\n\n<figure class=\"wp-block-image size-large is-resized\"><img loading=\"lazy\" decoding=\"async\" src=\"https:\/\/mtqtecnologia.com.br\/wp-content\/uploads\/2022\/11\/exteete-1017x1024.png\" alt=\"\" class=\"wp-image-533\" width=\"254\" height=\"256\" srcset=\"https:\/\/mtqtecnologia.com.br\/wp-content\/uploads\/2022\/11\/exteete-1017x1024.png 1017w, https:\/\/mtqtecnologia.com.br\/wp-content\/uploads\/2022\/11\/exteete-298x300.png 298w, https:\/\/mtqtecnologia.com.br\/wp-content\/uploads\/2022\/11\/exteete-150x150.png 150w, https:\/\/mtqtecnologia.com.br\/wp-content\/uploads\/2022\/11\/exteete-768x773.png 768w, https:\/\/mtqtecnologia.com.br\/wp-content\/uploads\/2022\/11\/exteete.png 1080w\" sizes=\"auto, (max-width: 254px) 100vw, 254px\" \/><\/figure>\n<\/div>\n\n\n\n<div style=\"height:40px\" aria-hidden=\"true\" class=\"wp-block-spacer\"><\/div>\n\n\n\n<div class=\"wp-block-cover is-light\" style=\"min-height:212px;aspect-ratio:unset;\"><span aria-hidden=\"true\" class=\"wp-block-cover__background has-background-dim\"><\/span><img loading=\"lazy\" decoding=\"async\" width=\"1024\" height=\"683\" class=\"wp-block-cover__image-background wp-image-247\" alt=\"\" src=\"https:\/\/mtqtecnologia.com.br\/wp-content\/uploads\/2022\/11\/desafios-1024x683.jpg\" data-object-fit=\"cover\" srcset=\"https:\/\/mtqtecnologia.com.br\/wp-content\/uploads\/2022\/11\/desafios-1024x683.jpg 1024w, https:\/\/mtqtecnologia.com.br\/wp-content\/uploads\/2022\/11\/desafios-300x200.jpg 300w, https:\/\/mtqtecnologia.com.br\/wp-content\/uploads\/2022\/11\/desafios-768x512.jpg 768w, https:\/\/mtqtecnologia.com.br\/wp-content\/uploads\/2022\/11\/desafios.jpg 1200w\" sizes=\"auto, (max-width: 1024px) 100vw, 1024px\" \/><div class=\"wp-block-cover__inner-container is-layout-flow wp-block-cover-is-layout-flow\">\n<p class=\"has-text-align-center has-base-color has-text-color has-link-color has-inter-font-family has-large-font-size wp-elements-b40490821e3835be8152f58d7ca5852c\" style=\"font-style:normal;font-weight:700\"><a href=\"https:\/\/mtqtecnologia.com.br\/index.php\/fale-conosco\/\" title=\"Fale Conosco\">Clique aqui<\/a> para entrar em contato com nossa equipe t\u00e9cnica! <\/p>\n<\/div><\/div>\n","protected":false},"excerpt":{"rendered":"<p>Manuten\u00e7\u00e3o em Extens\u00f4metros:<\/p>\n","protected":false},"author":1,"featured_media":0,"parent":0,"menu_order":0,"comment_status":"closed","ping_status":"closed","template":"","meta":{"om_disable_all_campaigns":false,"_mi_skip_tracking":false,"footnotes":""},"class_list":["post-530","page","type-page","status-publish","hentry"],"aioseo_notices":[],"_links":{"self":[{"href":"https:\/\/mtqtecnologia.com.br\/index.php\/wp-json\/wp\/v2\/pages\/530","targetHints":{"allow":["GET"]}}],"collection":[{"href":"https:\/\/mtqtecnologia.com.br\/index.php\/wp-json\/wp\/v2\/pages"}],"about":[{"href":"https:\/\/mtqtecnologia.com.br\/index.php\/wp-json\/wp\/v2\/types\/page"}],"author":[{"embeddable":true,"href":"https:\/\/mtqtecnologia.com.br\/index.php\/wp-json\/wp\/v2\/users\/1"}],"replies":[{"embeddable":true,"href":"https:\/\/mtqtecnologia.com.br\/index.php\/wp-json\/wp\/v2\/comments?post=530"}],"version-history":[{"count":2,"href":"https:\/\/mtqtecnologia.com.br\/index.php\/wp-json\/wp\/v2\/pages\/530\/revisions"}],"predecessor-version":[{"id":536,"href":"https:\/\/mtqtecnologia.com.br\/index.php\/wp-json\/wp\/v2\/pages\/530\/revisions\/536"}],"wp:attachment":[{"href":"https:\/\/mtqtecnologia.com.br\/index.php\/wp-json\/wp\/v2\/media?parent=530"}],"curies":[{"name":"wp","href":"https:\/\/api.w.org\/{rel}","templated":true}]}}