{"id":518,"date":"2022-11-28T17:36:46","date_gmt":"2022-11-28T17:36:46","guid":{"rendered":"https:\/\/mtqtecnologia.com.br\/?page_id=518"},"modified":"2023-01-30T19:43:07","modified_gmt":"2023-01-30T19:43:07","slug":"reometros","status":"publish","type":"page","link":"https:\/\/mtqtecnologia.com.br\/index.php\/reometros\/","title":{"rendered":"Re\u00f4metros"},"content":{"rendered":"\n<p>Manuten\u00e7\u00e3o de re\u00f4metro capilar, re\u00f4metro rotacional, re\u00f4metro extensional e re\u00f4metro de torque:<\/p>\n\n\n\n<ul class=\"wp-block-list\">\n<li>Brabender<\/li>\n\n\n\n<li>Haake<\/li>\n\n\n\n<li>TA Instruments<\/li>\n\n\n\n<li>Brookfield<\/li>\n\n\n\n<li>Thermo Fisher Scientific<\/li>\n\n\n\n<li>Malvern<\/li>\n\n\n\n<li>Netzsch<\/li>\n\n\n\n<li>Maclow Smith<\/li>\n<\/ul>\n\n\n\n<div class=\"wp-block-group is-nowrap is-layout-flex wp-container-core-group-is-layout-1 wp-block-group-is-layout-flex\">\n<figure class=\"wp-block-image size-medium\"><img loading=\"lazy\" decoding=\"async\" width=\"300\" height=\"250\" src=\"https:\/\/mtqtecnologia.com.br\/wp-content\/uploads\/2022\/11\/Brabender-300x250.png\" alt=\"\" class=\"wp-image-519\" srcset=\"https:\/\/mtqtecnologia.com.br\/wp-content\/uploads\/2022\/11\/Brabender-300x250.png 300w, https:\/\/mtqtecnologia.com.br\/wp-content\/uploads\/2022\/11\/Brabender-1024x853.png 1024w, https:\/\/mtqtecnologia.com.br\/wp-content\/uploads\/2022\/11\/Brabender-768x640.png 768w, https:\/\/mtqtecnologia.com.br\/wp-content\/uploads\/2022\/11\/Brabender-1536x1280.png 1536w, https:\/\/mtqtecnologia.com.br\/wp-content\/uploads\/2022\/11\/Brabender.png 1800w\" sizes=\"auto, (max-width: 300px) 100vw, 300px\" \/><\/figure>\n\n\n\n<figure class=\"wp-block-image size-medium is-resized\"><img loading=\"lazy\" decoding=\"async\" src=\"https:\/\/mtqtecnologia.com.br\/wp-content\/uploads\/2022\/11\/anton-paar-300x300.png\" alt=\"\" class=\"wp-image-613\" width=\"225\" height=\"225\" srcset=\"https:\/\/mtqtecnologia.com.br\/wp-content\/uploads\/2022\/11\/anton-paar-300x300.png 300w, https:\/\/mtqtecnologia.com.br\/wp-content\/uploads\/2022\/11\/anton-paar-150x150.png 150w, https:\/\/mtqtecnologia.com.br\/wp-content\/uploads\/2022\/11\/anton-paar.png 330w\" sizes=\"auto, (max-width: 225px) 100vw, 225px\" \/><\/figure>\n\n\n\n<figure class=\"wp-block-image size-full\"><img loading=\"lazy\" decoding=\"async\" width=\"177\" height=\"284\" src=\"https:\/\/mtqtecnologia.com.br\/wp-content\/uploads\/2022\/11\/ta.png\" alt=\"\" class=\"wp-image-521\"\/><\/figure>\n<\/div>\n\n\n\n<div class=\"wp-block-group is-nowrap is-layout-flex wp-container-core-group-is-layout-2 wp-block-group-is-layout-flex\">\n<figure class=\"wp-block-image size-medium\"><img loading=\"lazy\" decoding=\"async\" width=\"291\" height=\"300\" src=\"https:\/\/mtqtecnologia.com.br\/wp-content\/uploads\/2022\/11\/extensional-1-291x300.png\" alt=\"\" class=\"wp-image-548\" srcset=\"https:\/\/mtqtecnologia.com.br\/wp-content\/uploads\/2022\/11\/extensional-1-291x300.png 291w, https:\/\/mtqtecnologia.com.br\/wp-content\/uploads\/2022\/11\/extensional-1.png 650w\" sizes=\"auto, (max-width: 291px) 100vw, 291px\" \/><\/figure>\n\n\n\n<figure class=\"wp-block-image size-medium\"><img loading=\"lazy\" decoding=\"async\" width=\"131\" height=\"300\" src=\"https:\/\/mtqtecnologia.com.br\/wp-content\/uploads\/2022\/11\/capilar-1-131x300.png\" alt=\"\" class=\"wp-image-549\" srcset=\"https:\/\/mtqtecnologia.com.br\/wp-content\/uploads\/2022\/11\/capilar-1-131x300.png 131w, https:\/\/mtqtecnologia.com.br\/wp-content\/uploads\/2022\/11\/capilar-1.png 212w\" sizes=\"auto, (max-width: 131px) 100vw, 131px\" \/><\/figure>\n\n\n\n<figure class=\"wp-block-image size-medium is-resized\"><img loading=\"lazy\" decoding=\"async\" src=\"https:\/\/mtqtecnologia.com.br\/wp-content\/uploads\/2022\/11\/kinexus-297x300.jpg\" alt=\"\" class=\"wp-image-611\" width=\"223\" height=\"225\" srcset=\"https:\/\/mtqtecnologia.com.br\/wp-content\/uploads\/2022\/11\/kinexus-297x300.jpg 297w, https:\/\/mtqtecnologia.com.br\/wp-content\/uploads\/2022\/11\/kinexus-1013x1024.jpg 1013w, https:\/\/mtqtecnologia.com.br\/wp-content\/uploads\/2022\/11\/kinexus-150x150.jpg 150w, https:\/\/mtqtecnologia.com.br\/wp-content\/uploads\/2022\/11\/kinexus-768x777.jpg 768w, https:\/\/mtqtecnologia.com.br\/wp-content\/uploads\/2022\/11\/kinexus-1519x1536.jpg 1519w, https:\/\/mtqtecnologia.com.br\/wp-content\/uploads\/2022\/11\/kinexus-2025x2048.jpg 2025w\" sizes=\"auto, (max-width: 223px) 100vw, 223px\" \/><\/figure>\n<\/div>\n\n\n\n<div style=\"height:40px\" aria-hidden=\"true\" class=\"wp-block-spacer\"><\/div>\n\n\n\n<div class=\"wp-block-cover is-light\" style=\"min-height:212px;aspect-ratio:unset;\"><span aria-hidden=\"true\" class=\"wp-block-cover__background has-background-dim\"><\/span><img loading=\"lazy\" decoding=\"async\" width=\"1024\" height=\"683\" class=\"wp-block-cover__image-background wp-image-247\" alt=\"\" src=\"https:\/\/mtqtecnologia.com.br\/wp-content\/uploads\/2022\/11\/desafios-1024x683.jpg\" data-object-fit=\"cover\" srcset=\"https:\/\/mtqtecnologia.com.br\/wp-content\/uploads\/2022\/11\/desafios-1024x683.jpg 1024w, https:\/\/mtqtecnologia.com.br\/wp-content\/uploads\/2022\/11\/desafios-300x200.jpg 300w, https:\/\/mtqtecnologia.com.br\/wp-content\/uploads\/2022\/11\/desafios-768x512.jpg 768w, https:\/\/mtqtecnologia.com.br\/wp-content\/uploads\/2022\/11\/desafios.jpg 1200w\" sizes=\"auto, (max-width: 1024px) 100vw, 1024px\" \/><div class=\"wp-block-cover__inner-container is-layout-flow wp-block-cover-is-layout-flow\">\n<p class=\"has-text-align-center has-base-color has-text-color has-link-color has-inter-font-family has-large-font-size wp-elements-b40490821e3835be8152f58d7ca5852c\" style=\"font-style:normal;font-weight:700\"><a href=\"https:\/\/mtqtecnologia.com.br\/index.php\/fale-conosco\/\" title=\"Fale Conosco\">Clique aqui<\/a> para entrar em contato com nossa equipe t\u00e9cnica! <\/p>\n<\/div><\/div>\n","protected":false},"excerpt":{"rendered":"<p>Manuten\u00e7\u00e3o de re\u00f4metro capilar, re\u00f4metro rotacional, re\u00f4metro extensional e re\u00f4metro de torque:<\/p>\n","protected":false},"author":1,"featured_media":0,"parent":0,"menu_order":0,"comment_status":"closed","ping_status":"closed","template":"","meta":{"om_disable_all_campaigns":false,"_mi_skip_tracking":false,"footnotes":""},"class_list":["post-518","page","type-page","status-publish","hentry"],"aioseo_notices":[],"_links":{"self":[{"href":"https:\/\/mtqtecnologia.com.br\/index.php\/wp-json\/wp\/v2\/pages\/518","targetHints":{"allow":["GET"]}}],"collection":[{"href":"https:\/\/mtqtecnologia.com.br\/index.php\/wp-json\/wp\/v2\/pages"}],"about":[{"href":"https:\/\/mtqtecnologia.com.br\/index.php\/wp-json\/wp\/v2\/types\/page"}],"author":[{"embeddable":true,"href":"https:\/\/mtqtecnologia.com.br\/index.php\/wp-json\/wp\/v2\/users\/1"}],"replies":[{"embeddable":true,"href":"https:\/\/mtqtecnologia.com.br\/index.php\/wp-json\/wp\/v2\/comments?post=518"}],"version-history":[{"count":9,"href":"https:\/\/mtqtecnologia.com.br\/index.php\/wp-json\/wp\/v2\/pages\/518\/revisions"}],"predecessor-version":[{"id":809,"href":"https:\/\/mtqtecnologia.com.br\/index.php\/wp-json\/wp\/v2\/pages\/518\/revisions\/809"}],"wp:attachment":[{"href":"https:\/\/mtqtecnologia.com.br\/index.php\/wp-json\/wp\/v2\/media?parent=518"}],"curies":[{"name":"wp","href":"https:\/\/api.w.org\/{rel}","templated":true}]}}