{"id":380,"date":"2022-11-25T15:17:36","date_gmt":"2022-11-25T15:17:36","guid":{"rendered":"https:\/\/mtqtecnologia.com.br\/?page_id=380"},"modified":"2023-07-14T14:51:54","modified_gmt":"2023-07-14T14:51:54","slug":"balancas","status":"publish","type":"page","link":"https:\/\/mtqtecnologia.com.br\/index.php\/balancas\/","title":{"rendered":"Balan\u00e7as"},"content":{"rendered":"\n<ul class=\"wp-block-list\">\n<li>Manuten\u00e7\u00e3o de balan\u00e7as para laborat\u00f3rios industriais:\n<ul class=\"wp-block-list\">\n<li>Balan\u00e7as anal\u00edticas;<\/li>\n\n\n\n<li>Balan\u00e7as semi &#8211; anal\u00edticas; <\/li>\n\n\n\n<li>balan\u00e7as de peso vol\u00e1til;<\/li>\n\n\n\n<li>balan\u00e7as de precis\u00e3o; <\/li>\n\n\n\n<li>balan\u00e7as de umidade;<\/li>\n<\/ul>\n<\/li>\n<\/ul>\n\n\n\n<p> <\/p>\n\n\n\n<div class=\"wp-block-group is-nowrap is-layout-flex wp-container-core-group-is-layout-1 wp-block-group-is-layout-flex\">\n<figure class=\"wp-block-image size-medium is-resized\"><img loading=\"lazy\" decoding=\"async\" src=\"https:\/\/mtqtecnologia.com.br\/wp-content\/uploads\/2022\/11\/balanca-1-300x300.png\" alt=\"\" class=\"wp-image-495\" width=\"150\" height=\"150\" srcset=\"https:\/\/mtqtecnologia.com.br\/wp-content\/uploads\/2022\/11\/balanca-1-300x300.png 300w, https:\/\/mtqtecnologia.com.br\/wp-content\/uploads\/2022\/11\/balanca-1-150x150.png 150w, https:\/\/mtqtecnologia.com.br\/wp-content\/uploads\/2022\/11\/balanca-1-768x768.png 768w, https:\/\/mtqtecnologia.com.br\/wp-content\/uploads\/2022\/11\/balanca-1.png 1000w\" sizes=\"auto, (max-width: 150px) 100vw, 150px\" \/><\/figure>\n\n\n\n<figure class=\"wp-block-image size-full is-resized\"><img loading=\"lazy\" decoding=\"async\" src=\"https:\/\/mtqtecnologia.com.br\/wp-content\/uploads\/2022\/11\/toledo.png\" alt=\"\" class=\"wp-image-496\" width=\"167\" height=\"167\" srcset=\"https:\/\/mtqtecnologia.com.br\/wp-content\/uploads\/2022\/11\/toledo.png 334w, https:\/\/mtqtecnologia.com.br\/wp-content\/uploads\/2022\/11\/toledo-300x300.png 300w, https:\/\/mtqtecnologia.com.br\/wp-content\/uploads\/2022\/11\/toledo-150x150.png 150w\" sizes=\"auto, (max-width: 167px) 100vw, 167px\" \/><\/figure>\n\n\n\n<figure class=\"wp-block-image size-medium is-resized\"><img loading=\"lazy\" decoding=\"async\" src=\"https:\/\/mtqtecnologia.com.br\/wp-content\/uploads\/2022\/11\/ohaus-semi-300x287.png\" alt=\"\" class=\"wp-image-497\" width=\"150\" height=\"144\" srcset=\"https:\/\/mtqtecnologia.com.br\/wp-content\/uploads\/2022\/11\/ohaus-semi-300x287.png 300w, https:\/\/mtqtecnologia.com.br\/wp-content\/uploads\/2022\/11\/ohaus-semi-1024x981.png 1024w, https:\/\/mtqtecnologia.com.br\/wp-content\/uploads\/2022\/11\/ohaus-semi-768x736.png 768w, https:\/\/mtqtecnologia.com.br\/wp-content\/uploads\/2022\/11\/ohaus-semi.png 1050w\" sizes=\"auto, (max-width: 150px) 100vw, 150px\" \/><\/figure>\n\n\n\n<figure class=\"wp-block-image size-medium is-resized\"><img loading=\"lazy\" decoding=\"async\" src=\"https:\/\/mtqtecnologia.com.br\/wp-content\/uploads\/2022\/11\/peso-voltatil-300x300.png\" alt=\"\" class=\"wp-image-498\" width=\"150\" height=\"150\" srcset=\"https:\/\/mtqtecnologia.com.br\/wp-content\/uploads\/2022\/11\/peso-voltatil-300x300.png 300w, https:\/\/mtqtecnologia.com.br\/wp-content\/uploads\/2022\/11\/peso-voltatil-150x150.png 150w, https:\/\/mtqtecnologia.com.br\/wp-content\/uploads\/2022\/11\/peso-voltatil.png 375w\" sizes=\"auto, (max-width: 150px) 100vw, 150px\" \/><\/figure>\n<\/div>\n\n\n\n<div style=\"height:40px\" aria-hidden=\"true\" class=\"wp-block-spacer\"><\/div>\n\n\n\n<div class=\"wp-block-cover is-light\" style=\"min-height:212px;aspect-ratio:unset;\"><span aria-hidden=\"true\" class=\"wp-block-cover__background has-background-dim\"><\/span><img loading=\"lazy\" decoding=\"async\" width=\"1024\" height=\"683\" class=\"wp-block-cover__image-background wp-image-247\" alt=\"\" src=\"https:\/\/mtqtecnologia.com.br\/wp-content\/uploads\/2022\/11\/desafios-1024x683.jpg\" data-object-fit=\"cover\" srcset=\"https:\/\/mtqtecnologia.com.br\/wp-content\/uploads\/2022\/11\/desafios-1024x683.jpg 1024w, https:\/\/mtqtecnologia.com.br\/wp-content\/uploads\/2022\/11\/desafios-300x200.jpg 300w, https:\/\/mtqtecnologia.com.br\/wp-content\/uploads\/2022\/11\/desafios-768x512.jpg 768w, https:\/\/mtqtecnologia.com.br\/wp-content\/uploads\/2022\/11\/desafios.jpg 1200w\" sizes=\"auto, (max-width: 1024px) 100vw, 1024px\" \/><div class=\"wp-block-cover__inner-container is-layout-flow wp-block-cover-is-layout-flow\">\n<p class=\"has-text-align-center has-base-color has-text-color has-link-color has-inter-font-family has-large-font-size wp-elements-b40490821e3835be8152f58d7ca5852c\" style=\"font-style:normal;font-weight:700\"><a href=\"https:\/\/mtqtecnologia.com.br\/index.php\/fale-conosco\/\" title=\"Fale Conosco\">Clique aqui<\/a> para entrar em contato com nossa equipe t\u00e9cnica! <\/p>\n<\/div><\/div>\n","protected":false},"excerpt":{"rendered":"","protected":false},"author":1,"featured_media":0,"parent":0,"menu_order":0,"comment_status":"closed","ping_status":"closed","template":"","meta":{"om_disable_all_campaigns":false,"_mi_skip_tracking":false,"footnotes":""},"class_list":["post-380","page","type-page","status-publish","hentry"],"aioseo_notices":[],"_links":{"self":[{"href":"https:\/\/mtqtecnologia.com.br\/index.php\/wp-json\/wp\/v2\/pages\/380","targetHints":{"allow":["GET"]}}],"collection":[{"href":"https:\/\/mtqtecnologia.com.br\/index.php\/wp-json\/wp\/v2\/pages"}],"about":[{"href":"https:\/\/mtqtecnologia.com.br\/index.php\/wp-json\/wp\/v2\/types\/page"}],"author":[{"embeddable":true,"href":"https:\/\/mtqtecnologia.com.br\/index.php\/wp-json\/wp\/v2\/users\/1"}],"replies":[{"embeddable":true,"href":"https:\/\/mtqtecnologia.com.br\/index.php\/wp-json\/wp\/v2\/comments?post=380"}],"version-history":[{"count":8,"href":"https:\/\/mtqtecnologia.com.br\/index.php\/wp-json\/wp\/v2\/pages\/380\/revisions"}],"predecessor-version":[{"id":1130,"href":"https:\/\/mtqtecnologia.com.br\/index.php\/wp-json\/wp\/v2\/pages\/380\/revisions\/1130"}],"wp:attachment":[{"href":"https:\/\/mtqtecnologia.com.br\/index.php\/wp-json\/wp\/v2\/media?parent=380"}],"curies":[{"name":"wp","href":"https:\/\/api.w.org\/{rel}","templated":true}]}}