{"id":374,"date":"2022-11-25T15:11:36","date_gmt":"2022-11-25T15:11:36","guid":{"rendered":"https:\/\/mtqtecnologia.com.br\/?page_id=374"},"modified":"2023-07-14T14:44:28","modified_gmt":"2023-07-14T14:44:28","slug":"auto-claves","status":"publish","type":"page","link":"https:\/\/mtqtecnologia.com.br\/index.php\/auto-claves\/","title":{"rendered":"Autoclaves"},"content":{"rendered":"\n<ul class=\"wp-block-list\">\n<li>Manuten\u00e7\u00e3o de autoclaves de laborat\u00f3rio; <\/li>\n\n\n\n<li>Reparo e manuten\u00e7\u00e3o de equipamento para an\u00e1lises sob press\u00e3o;<\/li>\n\n\n\n<li>Autoclaves verticais e horizontais;<\/li>\n<\/ul>\n\n\n\n<div class=\"wp-block-group is-nowrap is-layout-flex wp-container-core-group-is-layout-1 wp-block-group-is-layout-flex\">\n<figure class=\"wp-block-image size-medium is-resized\"><img loading=\"lazy\" decoding=\"async\" src=\"https:\/\/mtqtecnologia.com.br\/wp-content\/uploads\/2022\/11\/panela-de-pressao-276x300.png\" alt=\"\" class=\"wp-image-510\" width=\"138\" height=\"150\" srcset=\"https:\/\/mtqtecnologia.com.br\/wp-content\/uploads\/2022\/11\/panela-de-pressao-276x300.png 276w, https:\/\/mtqtecnologia.com.br\/wp-content\/uploads\/2022\/11\/panela-de-pressao.png 298w\" sizes=\"auto, (max-width: 138px) 100vw, 138px\" \/><\/figure>\n\n\n\n<figure class=\"wp-block-image size-medium is-resized\"><img loading=\"lazy\" decoding=\"async\" src=\"https:\/\/mtqtecnologia.com.br\/wp-content\/uploads\/2022\/11\/laboratorio-300x245.png\" alt=\"\" class=\"wp-image-511\" width=\"150\" height=\"123\" srcset=\"https:\/\/mtqtecnologia.com.br\/wp-content\/uploads\/2022\/11\/laboratorio-300x245.png 300w, https:\/\/mtqtecnologia.com.br\/wp-content\/uploads\/2022\/11\/laboratorio.png 438w\" sizes=\"auto, (max-width: 150px) 100vw, 150px\" \/><\/figure>\n\n\n\n<figure class=\"wp-block-image size-medium is-resized\"><img loading=\"lazy\" decoding=\"async\" src=\"https:\/\/mtqtecnologia.com.br\/wp-content\/uploads\/2022\/11\/hospitalar-automatico-248x300.png\" alt=\"\" class=\"wp-image-512\" width=\"124\" height=\"150\" srcset=\"https:\/\/mtqtecnologia.com.br\/wp-content\/uploads\/2022\/11\/hospitalar-automatico-248x300.png 248w, https:\/\/mtqtecnologia.com.br\/wp-content\/uploads\/2022\/11\/hospitalar-automatico.png 306w\" sizes=\"auto, (max-width: 124px) 100vw, 124px\" \/><\/figure>\n<\/div>\n\n\n\n<div class=\"wp-block-group is-nowrap is-layout-flex wp-container-core-group-is-layout-2 wp-block-group-is-layout-flex\">\n<figure class=\"wp-block-image size-medium is-resized\"><img loading=\"lazy\" decoding=\"async\" src=\"https:\/\/mtqtecnologia.com.br\/wp-content\/uploads\/2022\/11\/horizontal-219x300.png\" alt=\"\" class=\"wp-image-513\" width=\"164\" height=\"225\" srcset=\"https:\/\/mtqtecnologia.com.br\/wp-content\/uploads\/2022\/11\/horizontal-219x300.png 219w, https:\/\/mtqtecnologia.com.br\/wp-content\/uploads\/2022\/11\/horizontal.png 278w\" sizes=\"auto, (max-width: 164px) 100vw, 164px\" \/><\/figure>\n\n\n\n<figure class=\"wp-block-image size-medium is-resized\"><img loading=\"lazy\" decoding=\"async\" src=\"https:\/\/mtqtecnologia.com.br\/wp-content\/uploads\/2022\/11\/vertical-158x300.png\" alt=\"\" class=\"wp-image-514\" width=\"119\" height=\"225\" srcset=\"https:\/\/mtqtecnologia.com.br\/wp-content\/uploads\/2022\/11\/vertical-158x300.png 158w, https:\/\/mtqtecnologia.com.br\/wp-content\/uploads\/2022\/11\/vertical.png 262w\" sizes=\"auto, (max-width: 119px) 100vw, 119px\" \/><\/figure>\n<\/div>\n\n\n\n<div style=\"height:40px\" aria-hidden=\"true\" class=\"wp-block-spacer\"><\/div>\n\n\n\n<div class=\"wp-block-cover is-light\" style=\"min-height:212px;aspect-ratio:unset;\"><span aria-hidden=\"true\" class=\"wp-block-cover__background has-background-dim\"><\/span><img loading=\"lazy\" decoding=\"async\" width=\"1024\" height=\"683\" class=\"wp-block-cover__image-background wp-image-247\" alt=\"\" src=\"https:\/\/mtqtecnologia.com.br\/wp-content\/uploads\/2022\/11\/desafios-1024x683.jpg\" data-object-fit=\"cover\" srcset=\"https:\/\/mtqtecnologia.com.br\/wp-content\/uploads\/2022\/11\/desafios-1024x683.jpg 1024w, https:\/\/mtqtecnologia.com.br\/wp-content\/uploads\/2022\/11\/desafios-300x200.jpg 300w, https:\/\/mtqtecnologia.com.br\/wp-content\/uploads\/2022\/11\/desafios-768x512.jpg 768w, https:\/\/mtqtecnologia.com.br\/wp-content\/uploads\/2022\/11\/desafios.jpg 1200w\" sizes=\"auto, (max-width: 1024px) 100vw, 1024px\" \/><div class=\"wp-block-cover__inner-container is-layout-flow wp-block-cover-is-layout-flow\">\n<p class=\"has-text-align-center has-base-color has-text-color has-link-color has-inter-font-family has-large-font-size wp-elements-b40490821e3835be8152f58d7ca5852c\" style=\"font-style:normal;font-weight:700\"><a href=\"https:\/\/mtqtecnologia.com.br\/index.php\/fale-conosco\/\" title=\"Fale Conosco\">Clique aqui<\/a> para entrar em contato com nossa equipe t\u00e9cnica! <\/p>\n<\/div><\/div>\n","protected":false},"excerpt":{"rendered":"","protected":false},"author":1,"featured_media":0,"parent":0,"menu_order":0,"comment_status":"closed","ping_status":"closed","template":"","meta":{"om_disable_all_campaigns":false,"_mi_skip_tracking":false,"footnotes":""},"class_list":["post-374","page","type-page","status-publish","hentry"],"aioseo_notices":[],"_links":{"self":[{"href":"https:\/\/mtqtecnologia.com.br\/index.php\/wp-json\/wp\/v2\/pages\/374","targetHints":{"allow":["GET"]}}],"collection":[{"href":"https:\/\/mtqtecnologia.com.br\/index.php\/wp-json\/wp\/v2\/pages"}],"about":[{"href":"https:\/\/mtqtecnologia.com.br\/index.php\/wp-json\/wp\/v2\/types\/page"}],"author":[{"embeddable":true,"href":"https:\/\/mtqtecnologia.com.br\/index.php\/wp-json\/wp\/v2\/users\/1"}],"replies":[{"embeddable":true,"href":"https:\/\/mtqtecnologia.com.br\/index.php\/wp-json\/wp\/v2\/comments?post=374"}],"version-history":[{"count":8,"href":"https:\/\/mtqtecnologia.com.br\/index.php\/wp-json\/wp\/v2\/pages\/374\/revisions"}],"predecessor-version":[{"id":1126,"href":"https:\/\/mtqtecnologia.com.br\/index.php\/wp-json\/wp\/v2\/pages\/374\/revisions\/1126"}],"wp:attachment":[{"href":"https:\/\/mtqtecnologia.com.br\/index.php\/wp-json\/wp\/v2\/media?parent=374"}],"curies":[{"name":"wp","href":"https:\/\/api.w.org\/{rel}","templated":true}]}}