{"id":367,"date":"2022-11-25T15:08:37","date_gmt":"2022-11-25T15:08:37","guid":{"rendered":"https:\/\/mtqtecnologia.com.br\/?page_id=367"},"modified":"2023-01-30T19:33:27","modified_gmt":"2023-01-30T19:33:27","slug":"estufas","status":"publish","type":"page","link":"https:\/\/mtqtecnologia.com.br\/index.php\/estufas\/","title":{"rendered":"Estufas"},"content":{"rendered":"\n<p>Manuten\u00e7\u00e3o de estufas de secagem, estufas de esteriliza\u00e7\u00e3o e estufas de bacteriologia:<\/p>\n\n\n\n<ul class=\"wp-block-list\">\n<li>Nova \u00c9tica <\/li>\n\n\n\n<li>Ethik <\/li>\n\n\n\n<li>Quimis<\/li>\n\n\n\n<li>Memmert <\/li>\n\n\n\n<li>Fanem <\/li>\n\n\n\n<li>Tecnal<\/li>\n\n\n\n<li>Mathis<\/li>\n\n\n\n<li>Brasimet<\/li>\n\n\n\n<li>Fabbe<\/li>\n\n\n\n<li>Inforgel<\/li>\n\n\n\n<li>\u00c9tica<\/li>\n\n\n\n<li><\/li>\n<\/ul>\n\n\n\n<div class=\"wp-block-group is-nowrap is-layout-flex wp-container-core-group-is-layout-1 wp-block-group-is-layout-flex\">\n<figure class=\"wp-block-image size-medium is-resized\"><img loading=\"lazy\" decoding=\"async\" src=\"https:\/\/mtqtecnologia.com.br\/wp-content\/uploads\/2022\/11\/quimis-2-300x300.png\" alt=\"\" class=\"wp-image-432\" width=\"150\" height=\"150\" srcset=\"https:\/\/mtqtecnologia.com.br\/wp-content\/uploads\/2022\/11\/quimis-2-300x300.png 300w, https:\/\/mtqtecnologia.com.br\/wp-content\/uploads\/2022\/11\/quimis-2-150x150.png 150w, https:\/\/mtqtecnologia.com.br\/wp-content\/uploads\/2022\/11\/quimis-2-768x768.png 768w, https:\/\/mtqtecnologia.com.br\/wp-content\/uploads\/2022\/11\/quimis-2.png 1011w\" sizes=\"auto, (max-width: 150px) 100vw, 150px\" \/><\/figure>\n\n\n\n<figure class=\"wp-block-image size-medium is-resized\"><img loading=\"lazy\" decoding=\"async\" src=\"https:\/\/mtqtecnologia.com.br\/wp-content\/uploads\/2022\/11\/fanem-282x300.png\" alt=\"\" class=\"wp-image-433\" width=\"212\" height=\"225\" srcset=\"https:\/\/mtqtecnologia.com.br\/wp-content\/uploads\/2022\/11\/fanem-282x300.png 282w, https:\/\/mtqtecnologia.com.br\/wp-content\/uploads\/2022\/11\/fanem.png 554w\" sizes=\"auto, (max-width: 212px) 100vw, 212px\" \/><\/figure>\n\n\n\n<figure class=\"wp-block-image size-medium\"><img loading=\"lazy\" decoding=\"async\" width=\"300\" height=\"200\" src=\"https:\/\/mtqtecnologia.com.br\/wp-content\/uploads\/2022\/11\/estufa_ethik-300x200.png\" alt=\"\" class=\"wp-image-434\" srcset=\"https:\/\/mtqtecnologia.com.br\/wp-content\/uploads\/2022\/11\/estufa_ethik-300x200.png 300w, https:\/\/mtqtecnologia.com.br\/wp-content\/uploads\/2022\/11\/estufa_ethik.png 570w\" sizes=\"auto, (max-width: 300px) 100vw, 300px\" \/><\/figure>\n<\/div>\n\n\n\n<div class=\"wp-block-group is-nowrap is-layout-flex wp-container-core-group-is-layout-2 wp-block-group-is-layout-flex\">\n<figure class=\"wp-block-image size-full is-resized\"><img loading=\"lazy\" decoding=\"async\" src=\"https:\/\/mtqtecnologia.com.br\/wp-content\/uploads\/2022\/11\/download-1.jpg\" alt=\"\" class=\"wp-image-437\" width=\"187\" height=\"152\"\/><\/figure>\n\n\n\n<figure class=\"wp-block-image size-medium is-resized\"><img loading=\"lazy\" decoding=\"async\" src=\"https:\/\/mtqtecnologia.com.br\/wp-content\/uploads\/2022\/11\/tecnal-300x300.png\" alt=\"\" class=\"wp-image-438\" width=\"225\" height=\"225\" srcset=\"https:\/\/mtqtecnologia.com.br\/wp-content\/uploads\/2022\/11\/tecnal-300x300.png 300w, https:\/\/mtqtecnologia.com.br\/wp-content\/uploads\/2022\/11\/tecnal-150x150.png 150w, https:\/\/mtqtecnologia.com.br\/wp-content\/uploads\/2022\/11\/tecnal-768x768.png 768w, https:\/\/mtqtecnologia.com.br\/wp-content\/uploads\/2022\/11\/tecnal.png 1000w\" sizes=\"auto, (max-width: 225px) 100vw, 225px\" \/><\/figure>\n\n\n\n<figure class=\"wp-block-image size-medium is-resized\"><img loading=\"lazy\" decoding=\"async\" src=\"https:\/\/mtqtecnologia.com.br\/wp-content\/uploads\/2022\/11\/nova-etica-300x225.png\" alt=\"\" class=\"wp-image-439\" width=\"225\" height=\"169\" srcset=\"https:\/\/mtqtecnologia.com.br\/wp-content\/uploads\/2022\/11\/nova-etica-300x225.png 300w, https:\/\/mtqtecnologia.com.br\/wp-content\/uploads\/2022\/11\/nova-etica.png 600w\" sizes=\"auto, (max-width: 225px) 100vw, 225px\" \/><\/figure>\n<\/div>\n\n\n\n<div style=\"height:50px\" aria-hidden=\"true\" class=\"wp-block-spacer\"><\/div>\n\n\n\n<div class=\"wp-block-cover is-light\" style=\"min-height:212px;aspect-ratio:unset;\"><span aria-hidden=\"true\" class=\"wp-block-cover__background has-background-dim\"><\/span><img loading=\"lazy\" decoding=\"async\" width=\"1024\" height=\"683\" class=\"wp-block-cover__image-background wp-image-247\" alt=\"\" src=\"https:\/\/mtqtecnologia.com.br\/wp-content\/uploads\/2022\/11\/desafios-1024x683.jpg\" data-object-fit=\"cover\" srcset=\"https:\/\/mtqtecnologia.com.br\/wp-content\/uploads\/2022\/11\/desafios-1024x683.jpg 1024w, https:\/\/mtqtecnologia.com.br\/wp-content\/uploads\/2022\/11\/desafios-300x200.jpg 300w, https:\/\/mtqtecnologia.com.br\/wp-content\/uploads\/2022\/11\/desafios-768x512.jpg 768w, https:\/\/mtqtecnologia.com.br\/wp-content\/uploads\/2022\/11\/desafios.jpg 1200w\" sizes=\"auto, (max-width: 1024px) 100vw, 1024px\" \/><div class=\"wp-block-cover__inner-container is-layout-flow wp-block-cover-is-layout-flow\">\n<p class=\"has-text-align-center has-base-color has-text-color has-link-color has-inter-font-family has-large-font-size wp-elements-b40490821e3835be8152f58d7ca5852c\" style=\"font-style:normal;font-weight:700\"><a href=\"https:\/\/mtqtecnologia.com.br\/index.php\/fale-conosco\/\" title=\"Fale Conosco\">Clique aqui<\/a> para entrar em contato com nossa equipe t\u00e9cnica! <\/p>\n<\/div><\/div>\n","protected":false},"excerpt":{"rendered":"<p>Manuten\u00e7\u00e3o de estufas de secagem, estufas de esteriliza\u00e7\u00e3o e estufas de bacteriologia:<\/p>\n","protected":false},"author":1,"featured_media":0,"parent":0,"menu_order":0,"comment_status":"closed","ping_status":"closed","template":"","meta":{"om_disable_all_campaigns":false,"_mi_skip_tracking":false,"footnotes":""},"class_list":["post-367","page","type-page","status-publish","hentry"],"aioseo_notices":[],"_links":{"self":[{"href":"https:\/\/mtqtecnologia.com.br\/index.php\/wp-json\/wp\/v2\/pages\/367","targetHints":{"allow":["GET"]}}],"collection":[{"href":"https:\/\/mtqtecnologia.com.br\/index.php\/wp-json\/wp\/v2\/pages"}],"about":[{"href":"https:\/\/mtqtecnologia.com.br\/index.php\/wp-json\/wp\/v2\/types\/page"}],"author":[{"embeddable":true,"href":"https:\/\/mtqtecnologia.com.br\/index.php\/wp-json\/wp\/v2\/users\/1"}],"replies":[{"embeddable":true,"href":"https:\/\/mtqtecnologia.com.br\/index.php\/wp-json\/wp\/v2\/comments?post=367"}],"version-history":[{"count":10,"href":"https:\/\/mtqtecnologia.com.br\/index.php\/wp-json\/wp\/v2\/pages\/367\/revisions"}],"predecessor-version":[{"id":730,"href":"https:\/\/mtqtecnologia.com.br\/index.php\/wp-json\/wp\/v2\/pages\/367\/revisions\/730"}],"wp:attachment":[{"href":"https:\/\/mtqtecnologia.com.br\/index.php\/wp-json\/wp\/v2\/media?parent=367"}],"curies":[{"name":"wp","href":"https:\/\/api.w.org\/{rel}","templated":true}]}}