{"id":115,"date":"2022-11-22T16:34:57","date_gmt":"2022-11-22T16:34:57","guid":{"rendered":"https:\/\/mtqtecnologia.com.br\/?page_id=115"},"modified":"2023-06-05T15:26:57","modified_gmt":"2023-06-05T15:26:57","slug":"engenharia-e-desenvolvimento","status":"publish","type":"page","link":"https:\/\/mtqtecnologia.com.br\/index.php\/engenharia-e-desenvolvimento\/","title":{"rendered":"Engenharia e Desenvolvimento"},"content":{"rendered":"\n<p>Projetos, \u00e1reas de desenvolvimento e servi\u00e7os: <\/p>\n\n\n\n<div style=\"height:40px\" aria-hidden=\"true\" class=\"wp-block-spacer\"><\/div>\n\n\n\n<p class=\"has-inter-font-family\" style=\"font-size:clamp(0.984rem, 0.984rem + ((1vw - 0.2rem) * 0.938), 1.5rem);\"><strong>Transmissor e Indicador de Umidade em Cloro<\/strong><\/p>\n\n\n\n<div class=\"wp-block-group is-nowrap is-layout-flex wp-container-core-group-is-layout-1 wp-block-group-is-layout-flex\">\n<figure class=\"wp-block-image size-full\"><img loading=\"lazy\" decoding=\"async\" width=\"234\" height=\"247\" src=\"https:\/\/mtqtecnologia.com.br\/wp-content\/uploads\/2022\/11\/Analisador-Umidade-MTQ2-1.png\" alt=\"\" class=\"wp-image-311\"\/><\/figure>\n\n\n\n<figure class=\"wp-block-image size-full\"><img loading=\"lazy\" decoding=\"async\" width=\"243\" height=\"198\" src=\"https:\/\/mtqtecnologia.com.br\/wp-content\/uploads\/2022\/11\/analisador-verso2-1.png\" alt=\"\" class=\"wp-image-312\"\/><\/figure>\n<\/div>\n\n\n\n<p class=\"has-inter-font-family\"><strong>Especifica\u00e7\u00f5es T\u00e9cnicas<\/strong> <\/p>\n\n\n\n<ul class=\"wp-block-list\">\n<li>Alimenta\u00e7\u00e3o: 100-240VAC<\/li>\n\n\n\n<li>Entrada: at\u00e9 2 c\u00e9lulas n\u00e3o simult\u00e2neas selecion\u00e1veis<\/li>\n\n\n\n<li>Sa\u00edda:  corrente 4-20mA (loop de corrente)<\/li>\n\n\n\n<li>Indica\u00e7\u00e3o digital: 0 &#8211; 100 PPM <\/li>\n<\/ul>\n\n\n\n<div class=\"wp-block-file\"><a id=\"wp-block-file--media-8c57a096-ad33-461b-9cd7-f7381e76bb64\" href=\"https:\/\/mtqtecnologia.com.br\/wp-content\/uploads\/2022\/11\/MANUAL-DE-INSTRUCOES-TRANSMISSOR-DE-UMIDADE-EM-CLORO-v4-2.pdf\" target=\"_blank\" rel=\"noreferrer noopener\">MANUAL-DE-INSTRUCOES-TRANSMISSOR-DE-UMIDADE-EM-CLORO-v4-2<\/a><a href=\"https:\/\/mtqtecnologia.com.br\/wp-content\/uploads\/2022\/11\/MANUAL-DE-INSTRUCOES-TRANSMISSOR-DE-UMIDADE-EM-CLORO-v4-2.pdf\" class=\"wp-block-file__button wp-element-button\" download aria-describedby=\"wp-block-file--media-8c57a096-ad33-461b-9cd7-f7381e76bb64\">Download<\/a><\/div>\n\n\n\n<div style=\"height:50px\" aria-hidden=\"true\" class=\"wp-block-spacer\"><\/div>\n\n\n\n<p class=\"has-inter-font-family\" style=\"font-size:clamp(0.984rem, 0.984rem + ((1vw - 0.2rem) * 0.938), 1.5rem);\"><strong>Nacionaliza\u00e7\u00e3o de m\u00e1quinas e equipamentos<\/strong><\/p>\n\n\n\n<p>Diante da necessidade de nossos clientes, em manter os equipamentos e m\u00e1quinas importadas em pleno funcionamento, desenvolvemos sistemas e projetos, que permitem sua opera\u00e7\u00e3o por muito tempo ap\u00f3s sua obsolesc\u00eancia ou descontinua\u00e7\u00e3o fabril: <\/p>\n\n\n\n<figure class=\"wp-block-image size-large\"><img loading=\"lazy\" decoding=\"async\" width=\"1024\" height=\"489\" src=\"https:\/\/mtqtecnologia.com.br\/wp-content\/uploads\/2023\/06\/SIGMA-1024x489.png\" alt=\"\" class=\"wp-image-1069\" srcset=\"https:\/\/mtqtecnologia.com.br\/wp-content\/uploads\/2023\/06\/SIGMA-1024x489.png 1024w, https:\/\/mtqtecnologia.com.br\/wp-content\/uploads\/2023\/06\/SIGMA-300x143.png 300w, https:\/\/mtqtecnologia.com.br\/wp-content\/uploads\/2023\/06\/SIGMA-768x367.png 768w, https:\/\/mtqtecnologia.com.br\/wp-content\/uploads\/2023\/06\/SIGMA.png 1370w\" sizes=\"auto, (max-width: 1024px) 100vw, 1024px\" \/><figcaption class=\"wp-element-caption\">Centr\u00edfuga SIGMA com display desenvolvido pela MTQ<\/figcaption><\/figure>\n\n\n\n<div style=\"height:50px\" aria-hidden=\"true\" class=\"wp-block-spacer\"><\/div>\n\n\n\n<p class=\"has-inter-font-family\" style=\"font-size:clamp(0.984rem, 0.984rem + ((1vw - 0.2rem) * 0.938), 1.5rem);\"><strong>Retrofit de m\u00e1quinas e equipamentos<\/strong><\/p>\n\n\n\n<p>Realizamos o retrofit e recupera\u00e7\u00e3o de m\u00e1quinas e equipamentos: <\/p>\n\n\n\n<div class=\"wp-block-group is-nowrap is-layout-flex wp-container-core-group-is-layout-2 wp-block-group-is-layout-flex\">\n<figure class=\"wp-block-image size-full is-resized\"><img loading=\"lazy\" decoding=\"async\" src=\"https:\/\/mtqtecnologia.com.br\/wp-content\/uploads\/2023\/06\/maquina-2.png\" alt=\"\" class=\"wp-image-1072\" width=\"256\" height=\"192\" srcset=\"https:\/\/mtqtecnologia.com.br\/wp-content\/uploads\/2023\/06\/maquina-2.png 1024w, https:\/\/mtqtecnologia.com.br\/wp-content\/uploads\/2023\/06\/maquina-2-300x225.png 300w, https:\/\/mtqtecnologia.com.br\/wp-content\/uploads\/2023\/06\/maquina-2-768x576.png 768w\" sizes=\"auto, (max-width: 256px) 100vw, 256px\" \/><figcaption class=\"wp-element-caption\">Antes<\/figcaption><\/figure>\n\n\n\n<figure class=\"wp-block-image size-full is-resized\"><img loading=\"lazy\" decoding=\"async\" src=\"https:\/\/mtqtecnologia.com.br\/wp-content\/uploads\/2023\/06\/maquina-2-2.png\" alt=\"\" class=\"wp-image-1074\" width=\"256\" height=\"192\" srcset=\"https:\/\/mtqtecnologia.com.br\/wp-content\/uploads\/2023\/06\/maquina-2-2.png 1024w, https:\/\/mtqtecnologia.com.br\/wp-content\/uploads\/2023\/06\/maquina-2-2-300x225.png 300w, https:\/\/mtqtecnologia.com.br\/wp-content\/uploads\/2023\/06\/maquina-2-2-768x576.png 768w\" sizes=\"auto, (max-width: 256px) 100vw, 256px\" \/><figcaption class=\"wp-element-caption\">Depois<\/figcaption><\/figure>\n<\/div>\n\n\n\n<div style=\"height:50px\" aria-hidden=\"true\" class=\"wp-block-spacer\"><\/div>\n\n\n\n<p class=\"has-inter-font-family\" style=\"font-size:clamp(0.984rem, 0.984rem + ((1vw - 0.2rem) * 0.938), 1.5rem);\"><strong>Engenharia Reversa e desenvolvimento de PCI&#8217;s<\/strong><\/p>\n\n\n\n<p><\/p>\n\n\n\n<div class=\"wp-block-cover aligncenter is-light has-small-font-size\" style=\"padding-top:0;padding-right:0;padding-bottom:0;padding-left:0;min-height:166px;aspect-ratio:unset;\"><span aria-hidden=\"true\" class=\"wp-block-cover__background has-background-dim\"><\/span><img loading=\"lazy\" decoding=\"async\" width=\"752\" height=\"342\" class=\"wp-block-cover__image-background wp-image-293\" alt=\"\" src=\"https:\/\/mtqtecnologia.com.br\/wp-content\/uploads\/2022\/11\/foto.jpeg\" style=\"object-position:100% 47%\" data-object-fit=\"cover\" data-object-position=\"100% 47%\" srcset=\"https:\/\/mtqtecnologia.com.br\/wp-content\/uploads\/2022\/11\/foto.jpeg 752w, https:\/\/mtqtecnologia.com.br\/wp-content\/uploads\/2022\/11\/foto-300x136.jpeg 300w\" sizes=\"auto, (max-width: 752px) 100vw, 752px\" \/><div class=\"wp-block-cover__inner-container is-layout-flow wp-block-cover-is-layout-flow\">\n<p class=\"has-text-align-center has-base-color has-text-color has-link-color has-inter-font-family has-large-font-size wp-elements-2a1635b113037fc7304b3fd56409468a\"><strong>Entre em <a href=\"https:\/\/mtqtecnologia.com.br\/index.php\/fale-conosco\/\" title=\"Fale Conosco\">contato conosco<\/a> para cota\u00e7\u00f5es ou solicita\u00e7\u00e3o de projetos<\/strong><\/p>\n<\/div><\/div>\n","protected":false},"excerpt":{"rendered":"<p>Projetos, \u00e1reas de desenvolvimento e servi\u00e7os: Transmissor e Indicador de Umidade em Cloro Especifica\u00e7\u00f5es T\u00e9cnicas Nacionaliza\u00e7\u00e3o de m\u00e1quinas e equipamentos Diante da necessidade de nossos clientes, em manter os equipamentos e m\u00e1quinas importadas em pleno funcionamento, desenvolvemos sistemas e projetos, que permitem sua opera\u00e7\u00e3o por muito tempo ap\u00f3s sua obsolesc\u00eancia ou descontinua\u00e7\u00e3o fabril: Retrofit de [&hellip;]<\/p>\n","protected":false},"author":1,"featured_media":0,"parent":0,"menu_order":0,"comment_status":"closed","ping_status":"closed","template":"","meta":{"om_disable_all_campaigns":false,"_mi_skip_tracking":false,"footnotes":""},"class_list":["post-115","page","type-page","status-publish","hentry"],"aioseo_notices":[],"_links":{"self":[{"href":"https:\/\/mtqtecnologia.com.br\/index.php\/wp-json\/wp\/v2\/pages\/115","targetHints":{"allow":["GET"]}}],"collection":[{"href":"https:\/\/mtqtecnologia.com.br\/index.php\/wp-json\/wp\/v2\/pages"}],"about":[{"href":"https:\/\/mtqtecnologia.com.br\/index.php\/wp-json\/wp\/v2\/types\/page"}],"author":[{"embeddable":true,"href":"https:\/\/mtqtecnologia.com.br\/index.php\/wp-json\/wp\/v2\/users\/1"}],"replies":[{"embeddable":true,"href":"https:\/\/mtqtecnologia.com.br\/index.php\/wp-json\/wp\/v2\/comments?post=115"}],"version-history":[{"count":11,"href":"https:\/\/mtqtecnologia.com.br\/index.php\/wp-json\/wp\/v2\/pages\/115\/revisions"}],"predecessor-version":[{"id":1075,"href":"https:\/\/mtqtecnologia.com.br\/index.php\/wp-json\/wp\/v2\/pages\/115\/revisions\/1075"}],"wp:attachment":[{"href":"https:\/\/mtqtecnologia.com.br\/index.php\/wp-json\/wp\/v2\/media?parent=115"}],"curies":[{"name":"wp","href":"https:\/\/api.w.org\/{rel}","templated":true}]}}