{"id":113,"date":"2022-11-22T16:35:14","date_gmt":"2022-11-22T16:35:14","guid":{"rendered":"https:\/\/mtqtecnologia.com.br\/?page_id=113"},"modified":"2023-07-14T13:59:23","modified_gmt":"2023-07-14T13:59:23","slug":"instrumentacao-analitica-4","status":"publish","type":"page","link":"https:\/\/mtqtecnologia.com.br\/index.php\/instrumentacao-analitica-4\/","title":{"rendered":"Instrumenta\u00e7\u00e3o Anal\u00edtica"},"content":{"rendered":"\n<p>Manuten\u00e7\u00e3o no ramo da instrumenta\u00e7\u00e3o anal\u00edtica. Escolha uma categoria e clique para saber mais:<\/p>\n\n\n\n<ul class=\"has-contrast-color has-text-color has-link-color has-large-font-size wp-block-list wp-elements-4da50483003c48662738d96243be9504\" style=\"line-height:2.2\">\n<li><a href=\"https:\/\/mtqtecnologia.com.br\/index.php\/detectores-de-chama\/\" title=\"Detectores de Chama \/ Fotoc\u00e9lulas\">Detectores de chama \/ Fotoc\u00e9lulas<\/a><\/li>\n\n\n\n<li><a href=\"https:\/\/mtqtecnologia.com.br\/index.php\/cromatografos-online\/\" title=\"Cromat\u00f3grafos Online\">Cromat\u00f3grafos Online<\/a><\/li>\n\n\n\n<li><a href=\"https:\/\/mtqtecnologia.com.br\/index.php\/analisadores-de-gas\/\" title=\"Analisadores de G\u00e1s\">Analisadores de G\u00e1s<\/a><\/li>\n\n\n\n<li><a href=\"https:\/\/mtqtecnologia.com.br\/index.php\/analisadores-de-oxigenio\/\" title=\"Analisadores de Oxig\u00eanio\">Analisadores de Oxig\u00eanio<\/a><\/li>\n\n\n\n<li><a href=\"https:\/\/mtqtecnologia.com.br\/index.php\/medidores-de-vazao\/\" title=\"Medidores de Vaz\u00e3o\">Medidores de Vaz\u00e3o<\/a><\/li>\n\n\n\n<li><a href=\"https:\/\/mtqtecnologia.com.br\/index.php\/analisadores-de-hidrogenio-em-cloro\/\" title=\"Analisadores de Hidrog\u00eanio em Cloro\">Analisadores de Hidrog\u00eanio em Cloro<\/a><\/li>\n\n\n\n<li><a href=\"https:\/\/mtqtecnologia.com.br\/index.php\/kaye-validator\/\" title=\"Kaye Validator\">Kaye Validator<\/a> <\/li>\n\n\n\n<li><a href=\"https:\/\/mtqtecnologia.com.br\/index.php\/analisadores-de-destilacao\/\" title=\"Analisadores de Destila\u00e7\u00e3o\">Analisadores de Destila\u00e7\u00e3o<\/a><\/li>\n\n\n\n<li><a href=\"https:\/\/mtqtecnologia.com.br\/index.php\/controladores-de-temperatura\/\" title=\"Controladores de temperatura\">Controladores de Temperatura<\/a><\/li>\n\n\n\n<li><a href=\"https:\/\/mtqtecnologia.com.br\/index.php\/sistema-teste-de-aterramento\/\" title=\"Sistema teste de aterramento\">Sistema teste de aterramento<\/a><\/li>\n\n\n\n<li><a href=\"https:\/\/mtqtecnologia.com.br\/index.php\/sinalizadores-de-seguranca\/\" title=\"Sinalizadores de Seguran\u00e7a\">Sinalizadores de Seguran\u00e7a<\/a><\/li>\n\n\n\n<li><a href=\"https:\/\/mtqtecnologia.com.br\/index.php\/transmissores-de-oxigenio\/\" title=\"Transmissores de Oxig\u00eanio\">Transmissores de Oxig\u00eanio<\/a><\/li>\n\n\n\n<li><a href=\"https:\/\/mtqtecnologia.com.br\/index.php\/transmissores-de-hidrocarbonetos-e-aromaticos\/\" title=\"Transmissores de Hidrocarbonetos e Arom\u00e1ticos\">Transmissores de Hidrocarbonetos e Arom\u00e1ticos<\/a><\/li>\n\n\n\n<li><a href=\"https:\/\/mtqtecnologia.com.br\/index.php\/anemometros-ultrassonicos\/\" title=\"Anem\u00f4metros ultrass\u00f4nicos\">Anem\u00f4metros ultrass\u00f4nicos<\/a><\/li>\n\n\n\n<li><a href=\"https:\/\/mtqtecnologia.com.br\/index.php\/controladores-de-fluxo\/\" title=\"Controladores de Fluxo\">Controladores de fluxo<\/a><\/li>\n\n\n\n<li><a href=\"https:\/\/mtqtecnologia.com.br\/index.php\/desumidificadores\/\" title=\"Desumidificadores\">Desumidificadores<\/a><\/li>\n\n\n\n<li><a href=\"https:\/\/mtqtecnologia.com.br\/index.php\/analisadores-de-umidade-em-cloro\/\" title=\"Analisadores de Umidade em Cloro\">Analisadores de umidade em cloro<\/a><\/li>\n<\/ul>\n","protected":false},"excerpt":{"rendered":"<p>Manuten\u00e7\u00e3o no ramo da instrumenta\u00e7\u00e3o anal\u00edtica. Escolha uma categoria e clique para saber mais:<\/p>\n","protected":false},"author":1,"featured_media":0,"parent":0,"menu_order":0,"comment_status":"closed","ping_status":"closed","template":"","meta":{"om_disable_all_campaigns":false,"_mi_skip_tracking":false,"footnotes":""},"class_list":["post-113","page","type-page","status-publish","hentry"],"aioseo_notices":[],"_links":{"self":[{"href":"https:\/\/mtqtecnologia.com.br\/index.php\/wp-json\/wp\/v2\/pages\/113","targetHints":{"allow":["GET"]}}],"collection":[{"href":"https:\/\/mtqtecnologia.com.br\/index.php\/wp-json\/wp\/v2\/pages"}],"about":[{"href":"https:\/\/mtqtecnologia.com.br\/index.php\/wp-json\/wp\/v2\/types\/page"}],"author":[{"embeddable":true,"href":"https:\/\/mtqtecnologia.com.br\/index.php\/wp-json\/wp\/v2\/users\/1"}],"replies":[{"embeddable":true,"href":"https:\/\/mtqtecnologia.com.br\/index.php\/wp-json\/wp\/v2\/comments?post=113"}],"version-history":[{"count":27,"href":"https:\/\/mtqtecnologia.com.br\/index.php\/wp-json\/wp\/v2\/pages\/113\/revisions"}],"predecessor-version":[{"id":1118,"href":"https:\/\/mtqtecnologia.com.br\/index.php\/wp-json\/wp\/v2\/pages\/113\/revisions\/1118"}],"wp:attachment":[{"href":"https:\/\/mtqtecnologia.com.br\/index.php\/wp-json\/wp\/v2\/media?parent=113"}],"curies":[{"name":"wp","href":"https:\/\/api.w.org\/{rel}","templated":true}]}}