{"id":111,"date":"2022-11-22T16:34:36","date_gmt":"2022-11-22T16:34:36","guid":{"rendered":"https:\/\/mtqtecnologia.com.br\/?page_id=111"},"modified":"2023-07-18T13:26:17","modified_gmt":"2023-07-18T13:26:17","slug":"laboratorios-industriais-2","status":"publish","type":"page","link":"https:\/\/mtqtecnologia.com.br\/index.php\/laboratorios-industriais-2\/","title":{"rendered":"Laborat\u00f3rios Industriais"},"content":{"rendered":"\n<p>Manuten\u00e7\u00e3o de equipamentos de laborat\u00f3rios industriais. Escolha a categoria desejada e clique para mais informa\u00e7\u00f5es:<\/p>\n\n\n\n<div style=\"height:20px\" aria-hidden=\"true\" class=\"wp-block-spacer\"><\/div>\n\n\n\n<ul class=\"has-contrast-color has-text-color has-link-color has-inter-font-family has-large-font-size wp-block-list wp-elements-ae55bf44848827feff6008e62b083a63\" style=\"line-height:2\">\n<li><a href=\"https:\/\/mtqtecnologia.com.br\/index.php\/banhos-termostaticos\/\" title=\"Banhos Termost\u00e1ticos\">Banhos Termost\u00e1ticos<\/a> <\/li>\n\n\n\n<li><a href=\"https:\/\/mtqtecnologia.com.br\/index.php\/banhos-de-oleo\/\" title=\"Banhos de \u00f3leo\">Banhos de \u00f3leo<\/a><\/li>\n\n\n\n<li><a href=\"https:\/\/mtqtecnologia.com.br\/index.php\/estufas\/\" title=\"Estufas\">Estufas<\/a><\/li>\n\n\n\n<li><a href=\"https:\/\/mtqtecnologia.com.br\/index.php\/agitadores\/\" title=\"Agitadores\">Agitadores<\/a><\/li>\n\n\n\n<li><a href=\"https:\/\/mtqtecnologia.com.br\/index.php\/auto-claves\/\" title=\"Autoclaves\">Autoclaves<\/a><\/li>\n\n\n\n<li><a href=\"https:\/\/mtqtecnologia.com.br\/index.php\/incubadoras\/\" title=\"Incubadoras\">Incubadoras<\/a><\/li>\n\n\n\n<li><a href=\"https:\/\/mtqtecnologia.com.br\/index.php\/muflas\/\" title=\"Muflas e Fornos\">Muflas e Fornos<\/a><\/li>\n\n\n\n<li><a href=\"https:\/\/mtqtecnologia.com.br\/index.php\/extensometros\/\" title=\"Extens\u00f4metros\">Extens\u00f4metros &#8211; tra\u00e7\u00e3o<\/a><\/li>\n\n\n\n<li><a href=\"https:\/\/mtqtecnologia.com.br\/index.php\/reometros\/\" title=\"Re\u00f4metros\">Re\u00f4metros<\/a><\/li>\n\n\n\n<li><a href=\"https:\/\/mtqtecnologia.com.br\/index.php\/viscosimetros\/\" title=\"Viscos\u00edmetros\">Viscos\u00edmetros<\/a><\/li>\n\n\n\n<li><a href=\"https:\/\/mtqtecnologia.com.br\/index.php\/cromatografos\/\" title=\"Cromat\u00f3grafos\">Cromat\u00f3grafos<\/a><\/li>\n\n\n\n<li><a href=\"https:\/\/mtqtecnologia.com.br\/index.php\/medidores-de-particulas\/\" title=\"Analisadores de Part\u00edculas \u2013 Granulometria\">Analisadores de Part\u00edculas &#8211; Granulometria<\/a><\/li>\n\n\n\n<li><a href=\"https:\/\/mtqtecnologia.com.br\/index.php\/calorimetros\/\" title=\"Calor\u00edmetros\">Calor\u00edmetros &#8211; DSC<\/a><\/li>\n\n\n\n<li><a href=\"https:\/\/mtqtecnologia.com.br\/index.php\/analisador-de-hdt-e-vicat\/\" title=\"Analisadores HDT e VICAT\">Analisadores HDT e VICAT<\/a><\/li>\n\n\n\n<li><a href=\"https:\/\/mtqtecnologia.com.br\/index.php\/centrifugas\/\" title=\"Centr\u00edfugas\">Centr\u00edfugas<\/a><\/li>\n\n\n\n<li><a href=\"https:\/\/mtqtecnologia.com.br\/index.php\/densimetros\/\" title=\"Dens\u00edmetros\">Dens\u00edmetros<\/a><\/li>\n\n\n\n<li><a href=\"https:\/\/mtqtecnologia.com.br\/index.php\/extrusoras-de-analise\/\" title=\"Extrusoras de An\u00e1lise\">Extrusoras de an\u00e1lise<\/a><\/li>\n\n\n\n<li><a href=\"https:\/\/mtqtecnologia.com.br\/index.php\/injetoras\/\" title=\"Injetoras\">Injetoras<\/a><\/li>\n\n\n\n<li><a href=\"https:\/\/mtqtecnologia.com.br\/index.php\/contaminometros\/\" title=\"Analisadores de Contamina\u00e7\u00e3o -Contaminometros\">Analisadores de contamina\u00e7\u00e3o &#8211; contaminometros<\/a><\/li>\n\n\n\n<li><a href=\"https:\/\/mtqtecnologia.com.br\/index.php\/camaras-de-teste-xenon\/\" title=\"C\u00e2maras de teste XENON\">C\u00e2maras de teste XENON<\/a><\/li>\n\n\n\n<li><a href=\"https:\/\/mtqtecnologia.com.br\/index.php\/balancas\/\" title=\"Balan\u00e7as\">Balan\u00e7as<\/a><\/li>\n\n\n\n<li><a href=\"https:\/\/mtqtecnologia.com.br\/index.php\/analisadores-de-espectro\/\" title=\"Analisadores de espectro\">Analisadores de espectro<\/a><\/li>\n\n\n\n<li><a href=\"https:\/\/mtqtecnologia.com.br\/index.php\/analisadores-de-indice-de-fluidez-mfi\/\" title=\"Analisadores de \u00edndice de fluidez (MFI)\">Plast\u00f4metros<\/a><\/li>\n\n\n\n<li><a href=\"https:\/\/mtqtecnologia.com.br\/index.php\/estereoscopios\/\" title=\"Estereosc\u00f3pios\">Estereosc\u00f3pios<\/a><\/li>\n\n\n\n<li><a href=\"https:\/\/mtqtecnologia.com.br\/index.php\/turbidimetros\/\" title=\"Turbid\u00edmetros\">Turbid\u00edmetros<\/a><\/li>\n\n\n\n<li><a href=\"https:\/\/mtqtecnologia.com.br\/index.php\/medidor-de-resistencia-a-impacto\/\" title=\"Medidor de resist\u00eancia a impacto\">Medidores de resist\u00eancia a impacto<\/a><\/li>\n\n\n\n<li><a href=\"https:\/\/mtqtecnologia.com.br\/index.php\/phmetros\/\" title=\"pHmetros\">pHmetros<\/a><\/li>\n\n\n\n<li><a href=\"https:\/\/mtqtecnologia.com.br\/index.php\/bombas-de-vacuo\/\" title=\"Bombas de V\u00e1cuo\">Bombas de V\u00e1cuo<\/a><\/li>\n\n\n\n<li><a href=\"https:\/\/mtqtecnologia.com.br\/index.php\/bombas-peristalticas\/\" title=\"Bombas perist\u00e1lticas\">Bombas perist\u00e1lticas <\/a><\/li>\n\n\n\n<li><a href=\"https:\/\/mtqtecnologia.com.br\/index.php\/tituladores\/\" title=\"Tituladores\">Tituladores<\/a><\/li>\n\n\n\n<li><a href=\"https:\/\/mtqtecnologia.com.br\/index.php\/autosamplers\/\" title=\"Autosamplers\">Autosamplers<\/a><\/li>\n\n\n\n<li><a href=\"https:\/\/mtqtecnologia.com.br\/index.php\/reflectometros\/\" title=\"Reflect\u00f4metros\">Reflect\u00f4metros<\/a><\/li>\n<\/ul>\n\n\n\n<div style=\"height:20px\" aria-hidden=\"true\" class=\"wp-block-spacer\"><\/div>\n\n\n\n<div class=\"wp-block-cover is-light\" style=\"min-height:212px;aspect-ratio:unset;\"><span aria-hidden=\"true\" class=\"wp-block-cover__background has-background-dim\"><\/span><img loading=\"lazy\" decoding=\"async\" width=\"1024\" height=\"683\" class=\"wp-block-cover__image-background wp-image-247\" alt=\"\" src=\"https:\/\/mtqtecnologia.com.br\/wp-content\/uploads\/2022\/11\/desafios-1024x683.jpg\" data-object-fit=\"cover\" srcset=\"https:\/\/mtqtecnologia.com.br\/wp-content\/uploads\/2022\/11\/desafios-1024x683.jpg 1024w, https:\/\/mtqtecnologia.com.br\/wp-content\/uploads\/2022\/11\/desafios-300x200.jpg 300w, https:\/\/mtqtecnologia.com.br\/wp-content\/uploads\/2022\/11\/desafios-768x512.jpg 768w, https:\/\/mtqtecnologia.com.br\/wp-content\/uploads\/2022\/11\/desafios.jpg 1200w\" sizes=\"auto, (max-width: 1024px) 100vw, 1024px\" \/><div class=\"wp-block-cover__inner-container is-layout-flow wp-block-cover-is-layout-flow\">\n<p class=\"has-text-align-center has-base-color has-text-color has-link-color has-inter-font-family has-large-font-size wp-elements-b40490821e3835be8152f58d7ca5852c\" style=\"font-style:normal;font-weight:700\"><a href=\"https:\/\/mtqtecnologia.com.br\/index.php\/fale-conosco\/\" title=\"Fale Conosco\">Clique aqui<\/a> para entrar em contato com nossa equipe t\u00e9cnica! <\/p>\n<\/div><\/div>\n","protected":false},"excerpt":{"rendered":"<p>Manuten\u00e7\u00e3o de equipamentos de laborat\u00f3rios industriais. Escolha a categoria desejada e clique para mais informa\u00e7\u00f5es:<\/p>\n","protected":false},"author":1,"featured_media":0,"parent":0,"menu_order":0,"comment_status":"closed","ping_status":"closed","template":"","meta":{"om_disable_all_campaigns":false,"_mi_skip_tracking":false,"footnotes":""},"class_list":["post-111","page","type-page","status-publish","hentry"],"aioseo_notices":[],"_links":{"self":[{"href":"https:\/\/mtqtecnologia.com.br\/index.php\/wp-json\/wp\/v2\/pages\/111","targetHints":{"allow":["GET"]}}],"collection":[{"href":"https:\/\/mtqtecnologia.com.br\/index.php\/wp-json\/wp\/v2\/pages"}],"about":[{"href":"https:\/\/mtqtecnologia.com.br\/index.php\/wp-json\/wp\/v2\/types\/page"}],"author":[{"embeddable":true,"href":"https:\/\/mtqtecnologia.com.br\/index.php\/wp-json\/wp\/v2\/users\/1"}],"replies":[{"embeddable":true,"href":"https:\/\/mtqtecnologia.com.br\/index.php\/wp-json\/wp\/v2\/comments?post=111"}],"version-history":[{"count":82,"href":"https:\/\/mtqtecnologia.com.br\/index.php\/wp-json\/wp\/v2\/pages\/111\/revisions"}],"predecessor-version":[{"id":1163,"href":"https:\/\/mtqtecnologia.com.br\/index.php\/wp-json\/wp\/v2\/pages\/111\/revisions\/1163"}],"wp:attachment":[{"href":"https:\/\/mtqtecnologia.com.br\/index.php\/wp-json\/wp\/v2\/media?parent=111"}],"curies":[{"name":"wp","href":"https:\/\/api.w.org\/{rel}","templated":true}]}}