{"id":1066,"date":"2023-07-14T13:54:21","date_gmt":"2023-07-14T13:54:21","guid":{"rendered":"https:\/\/mtqtecnologia.com.br\/?page_id=1066"},"modified":"2023-07-14T13:58:32","modified_gmt":"2023-07-14T13:58:32","slug":"analisadores-de-umidade-em-cloro","status":"publish","type":"page","link":"https:\/\/mtqtecnologia.com.br\/index.php\/analisadores-de-umidade-em-cloro\/","title":{"rendered":"Analisadores de Umidade em Cloro"},"content":{"rendered":"\n<ul class=\"wp-block-list\">\n<li>Manuten\u00e7\u00e3o em Analisadores de Umidade em Cloro;<\/li>\n\n\n\n<li>Reparo de unidade eletr\u00f4nica, respons\u00e1vel pelo monitoramento e \/ou medi\u00e7\u00e3o da umidade em cloro, em processos de an\u00e1lise de hidrog\u00eanio em cloro. <\/li>\n\n\n\n<li>Transmissores de umidade em cloro com c\u00e9lula e regenerador;<\/li>\n\n\n\n<li>Moderniza\u00e7\u00e3o de indicador anal\u00f3gico para digital;<\/li>\n<\/ul>\n\n\n\n<div class=\"wp-block-columns is-layout-flex wp-container-core-columns-is-layout-1 wp-block-columns-is-layout-flex\">\n<div class=\"wp-block-column is-layout-flow wp-block-column-is-layout-flow\" style=\"flex-basis:100%\">\n<div class=\"wp-block-group is-nowrap is-layout-flex wp-container-core-group-is-layout-1 wp-block-group-is-layout-flex\">\n<figure class=\"wp-block-image size-medium\"><img loading=\"lazy\" decoding=\"async\" width=\"300\" height=\"108\" src=\"https:\/\/mtqtecnologia.com.br\/wp-content\/uploads\/2023\/07\/umidade-em-cloro-300x108.png\" alt=\"\" class=\"wp-image-1107\" srcset=\"https:\/\/mtqtecnologia.com.br\/wp-content\/uploads\/2023\/07\/umidade-em-cloro-300x108.png 300w, https:\/\/mtqtecnologia.com.br\/wp-content\/uploads\/2023\/07\/umidade-em-cloro-1024x370.png 1024w, https:\/\/mtqtecnologia.com.br\/wp-content\/uploads\/2023\/07\/umidade-em-cloro-768x278.png 768w, https:\/\/mtqtecnologia.com.br\/wp-content\/uploads\/2023\/07\/umidade-em-cloro.png 1461w\" sizes=\"auto, (max-width: 300px) 100vw, 300px\" \/><\/figure>\n\n\n\n<figure class=\"wp-block-image size-medium\"><img loading=\"lazy\" decoding=\"async\" width=\"300\" height=\"166\" src=\"https:\/\/mtqtecnologia.com.br\/wp-content\/uploads\/2023\/07\/placa-umidade-em-cloro-edited-300x166.png\" alt=\"\" class=\"wp-image-1110\" srcset=\"https:\/\/mtqtecnologia.com.br\/wp-content\/uploads\/2023\/07\/placa-umidade-em-cloro-edited-300x166.png 300w, https:\/\/mtqtecnologia.com.br\/wp-content\/uploads\/2023\/07\/placa-umidade-em-cloro-edited-1024x568.png 1024w, https:\/\/mtqtecnologia.com.br\/wp-content\/uploads\/2023\/07\/placa-umidade-em-cloro-edited-768x426.png 768w, https:\/\/mtqtecnologia.com.br\/wp-content\/uploads\/2023\/07\/placa-umidade-em-cloro-edited.png 1071w\" sizes=\"auto, (max-width: 300px) 100vw, 300px\" \/><\/figure>\n<\/div>\n<\/div>\n<\/div>\n\n\n\n<p class=\"has-link-color wp-elements-896d1c7ab15f3447056d669538076c9c\">Quer adquirir um equipamento novo e confi\u00e1vel? Confira em nossa \u00e1rea de <a href=\"https:\/\/mtqtecnologia.com.br\/index.php\/engenharia-e-desenvolvimento\/\" title=\"Engenharia e Desenvolvimento\">engenharia e desenvolvimento!<\/a><\/p>\n\n\n\n<div style=\"height:40px\" aria-hidden=\"true\" class=\"wp-block-spacer\"><\/div>\n\n\n\n<div class=\"wp-block-cover is-light\" style=\"min-height:212px;aspect-ratio:unset;\"><span aria-hidden=\"true\" class=\"wp-block-cover__background has-background-dim\"><\/span><img loading=\"lazy\" decoding=\"async\" width=\"1024\" height=\"683\" class=\"wp-block-cover__image-background wp-image-247\" alt=\"\" src=\"https:\/\/mtqtecnologia.com.br\/wp-content\/uploads\/2022\/11\/desafios-1024x683.jpg\" data-object-fit=\"cover\" srcset=\"https:\/\/mtqtecnologia.com.br\/wp-content\/uploads\/2022\/11\/desafios-1024x683.jpg 1024w, https:\/\/mtqtecnologia.com.br\/wp-content\/uploads\/2022\/11\/desafios-300x200.jpg 300w, https:\/\/mtqtecnologia.com.br\/wp-content\/uploads\/2022\/11\/desafios-768x512.jpg 768w, https:\/\/mtqtecnologia.com.br\/wp-content\/uploads\/2022\/11\/desafios.jpg 1200w\" sizes=\"auto, (max-width: 1024px) 100vw, 1024px\" \/><div class=\"wp-block-cover__inner-container is-layout-flow wp-block-cover-is-layout-flow\">\n<p class=\"has-text-align-center has-base-color has-text-color has-link-color has-inter-font-family has-large-font-size wp-elements-b40490821e3835be8152f58d7ca5852c\" style=\"font-style:normal;font-weight:700\"><a href=\"https:\/\/mtqtecnologia.com.br\/index.php\/fale-conosco\/\" title=\"Fale Conosco\">Clique aqui<\/a> para entrar em contato com nossa equipe t\u00e9cnica! <\/p>\n<\/div><\/div>\n","protected":false},"excerpt":{"rendered":"<p>Quer adquirir um equipamento novo e confi\u00e1vel? Confira em nossa \u00e1rea de engenharia e desenvolvimento!<\/p>\n","protected":false},"author":1,"featured_media":0,"parent":0,"menu_order":0,"comment_status":"closed","ping_status":"closed","template":"","meta":{"om_disable_all_campaigns":false,"_mi_skip_tracking":false,"footnotes":""},"class_list":["post-1066","page","type-page","status-publish","hentry"],"aioseo_notices":[],"_links":{"self":[{"href":"https:\/\/mtqtecnologia.com.br\/index.php\/wp-json\/wp\/v2\/pages\/1066","targetHints":{"allow":["GET"]}}],"collection":[{"href":"https:\/\/mtqtecnologia.com.br\/index.php\/wp-json\/wp\/v2\/pages"}],"about":[{"href":"https:\/\/mtqtecnologia.com.br\/index.php\/wp-json\/wp\/v2\/types\/page"}],"author":[{"embeddable":true,"href":"https:\/\/mtqtecnologia.com.br\/index.php\/wp-json\/wp\/v2\/users\/1"}],"replies":[{"embeddable":true,"href":"https:\/\/mtqtecnologia.com.br\/index.php\/wp-json\/wp\/v2\/comments?post=1066"}],"version-history":[{"count":5,"href":"https:\/\/mtqtecnologia.com.br\/index.php\/wp-json\/wp\/v2\/pages\/1066\/revisions"}],"predecessor-version":[{"id":1117,"href":"https:\/\/mtqtecnologia.com.br\/index.php\/wp-json\/wp\/v2\/pages\/1066\/revisions\/1117"}],"wp:attachment":[{"href":"https:\/\/mtqtecnologia.com.br\/index.php\/wp-json\/wp\/v2\/media?parent=1066"}],"curies":[{"name":"wp","href":"https:\/\/api.w.org\/{rel}","templated":true}]}}