{"id":1005,"date":"2023-01-06T13:59:19","date_gmt":"2023-01-06T13:59:19","guid":{"rendered":"https:\/\/mtqtecnologia.com.br\/?page_id=1005"},"modified":"2023-01-30T19:46:10","modified_gmt":"2023-01-30T19:46:10","slug":"transmissores-de-hidrocarbonetos-e-aromaticos","status":"publish","type":"page","link":"https:\/\/mtqtecnologia.com.br\/index.php\/transmissores-de-hidrocarbonetos-e-aromaticos\/","title":{"rendered":"Transmissores de Hidrocarbonetos e Arom\u00e1ticos"},"content":{"rendered":"\n<p>Manuten\u00e7\u00e3o de transmissores Smart com detector Infravermelho, para hidrocarbonetos e arom\u00e1ticos:<\/p>\n\n\n\n<ul class=\"wp-block-list\">\n<li>Riken<\/li>\n\n\n\n<li>KEIKE<\/li>\n<\/ul>\n\n\n\n<figure class=\"wp-block-image size-medium is-resized\"><img loading=\"lazy\" decoding=\"async\" src=\"https:\/\/mtqtecnologia.com.br\/wp-content\/uploads\/2023\/01\/Aromaticos-289x300.png\" alt=\"\" class=\"wp-image-1006\" width=\"145\" height=\"150\" srcset=\"https:\/\/mtqtecnologia.com.br\/wp-content\/uploads\/2023\/01\/Aromaticos-289x300.png 289w, https:\/\/mtqtecnologia.com.br\/wp-content\/uploads\/2023\/01\/Aromaticos.png 429w\" sizes=\"auto, (max-width: 145px) 100vw, 145px\" \/><\/figure>\n\n\n\n<div style=\"height:40px\" aria-hidden=\"true\" class=\"wp-block-spacer\"><\/div>\n\n\n\n<p> <\/p>\n\n\n\n<div class=\"wp-block-cover is-light\" style=\"min-height:212px;aspect-ratio:unset;\"><span aria-hidden=\"true\" class=\"wp-block-cover__background has-background-dim\"><\/span><img loading=\"lazy\" decoding=\"async\" width=\"1024\" height=\"683\" class=\"wp-block-cover__image-background wp-image-247\" alt=\"\" src=\"https:\/\/mtqtecnologia.com.br\/wp-content\/uploads\/2022\/11\/desafios-1024x683.jpg\" data-object-fit=\"cover\" srcset=\"https:\/\/mtqtecnologia.com.br\/wp-content\/uploads\/2022\/11\/desafios-1024x683.jpg 1024w, https:\/\/mtqtecnologia.com.br\/wp-content\/uploads\/2022\/11\/desafios-300x200.jpg 300w, https:\/\/mtqtecnologia.com.br\/wp-content\/uploads\/2022\/11\/desafios-768x512.jpg 768w, https:\/\/mtqtecnologia.com.br\/wp-content\/uploads\/2022\/11\/desafios.jpg 1200w\" sizes=\"auto, (max-width: 1024px) 100vw, 1024px\" \/><div class=\"wp-block-cover__inner-container is-layout-flow wp-block-cover-is-layout-flow\">\n<p class=\"has-text-align-center has-base-color has-text-color has-link-color has-inter-font-family has-large-font-size wp-elements-b40490821e3835be8152f58d7ca5852c\" style=\"font-style:normal;font-weight:700\"><a href=\"https:\/\/mtqtecnologia.com.br\/index.php\/fale-conosco\/\" title=\"Fale Conosco\">Clique aqui<\/a> para entrar em contato com nossa equipe t\u00e9cnica! <\/p>\n<\/div><\/div>\n","protected":false},"excerpt":{"rendered":"<p>Manuten\u00e7\u00e3o de transmissores Smart com detector Infravermelho, para hidrocarbonetos e arom\u00e1ticos:<\/p>\n","protected":false},"author":1,"featured_media":0,"parent":0,"menu_order":0,"comment_status":"closed","ping_status":"closed","template":"","meta":{"om_disable_all_campaigns":false,"_mi_skip_tracking":false,"footnotes":""},"class_list":["post-1005","page","type-page","status-publish","hentry"],"aioseo_notices":[],"_links":{"self":[{"href":"https:\/\/mtqtecnologia.com.br\/index.php\/wp-json\/wp\/v2\/pages\/1005","targetHints":{"allow":["GET"]}}],"collection":[{"href":"https:\/\/mtqtecnologia.com.br\/index.php\/wp-json\/wp\/v2\/pages"}],"about":[{"href":"https:\/\/mtqtecnologia.com.br\/index.php\/wp-json\/wp\/v2\/types\/page"}],"author":[{"embeddable":true,"href":"https:\/\/mtqtecnologia.com.br\/index.php\/wp-json\/wp\/v2\/users\/1"}],"replies":[{"embeddable":true,"href":"https:\/\/mtqtecnologia.com.br\/index.php\/wp-json\/wp\/v2\/comments?post=1005"}],"version-history":[{"count":2,"href":"https:\/\/mtqtecnologia.com.br\/index.php\/wp-json\/wp\/v2\/pages\/1005\/revisions"}],"predecessor-version":[{"id":1009,"href":"https:\/\/mtqtecnologia.com.br\/index.php\/wp-json\/wp\/v2\/pages\/1005\/revisions\/1009"}],"wp:attachment":[{"href":"https:\/\/mtqtecnologia.com.br\/index.php\/wp-json\/wp\/v2\/media?parent=1005"}],"curies":[{"name":"wp","href":"https:\/\/api.w.org\/{rel}","templated":true}]}}